{"id":3047,"date":"2020-03-14T14:31:03","date_gmt":"2020-03-14T14:31:03","guid":{"rendered":"https:\/\/www.neo2b.de\/?page_id=3047"},"modified":"2021-10-19T16:03:19","modified_gmt":"2021-10-19T16:03:19","slug":"kontakt","status":"publish","type":"page","link":"https:\/\/www.milch-rechtsanwalt.de\/ru\/kontakt","title":{"rendered":"\u0421\u0432\u044f\u0437\u0430\u0442\u044c\u0441\u044f \u0441"},"content":{"rendered":"<div class=\"vc_row wpb_row vc_row-fluid inner_container desktop-visible cneo-head vc_custom_1631188140091 vc_row-has-fill vc_rtl-columns-reverse vc_row-o-content-middle vc_row-flex\"><div class=\"wpb_column vc_column_container vc_col-sm-3\/5\"><div class=\"vc_column-inner vc_custom_1581831845353\"><div class=\"wpb_wrapper\">\n\t<div class=\"wpb_text_column wpb_content_element\" >\n\t\t<div class=\"wpb_wrapper\">\n\t\t\t\n\t\t<\/div>\n\t<\/div>\n<\/div><\/div><\/div><\/div><div class=\"vc_row wpb_row vc_row-fluid mobile-invisible cneo-head\"><div class=\"wpb_column vc_column_container vc_col-sm-12\"><div class=\"vc_column-inner\"><div class=\"wpb_wrapper\">\n\t<div  class=\"wpb_single_image wpb_content_element vc_align_left\">\n\t\t\n\t\t<figure class=\"wpb_wrapper vc_figure\">\n\t\t\t<div class=\"vc_single_image-wrapper   vc_box_border_grey\"><img width=\"800\" height=\"600\" src=\"https:\/\/www.milch-rechtsanwalt.de\/wp-content\/uploads\/folkert_milch_800_600.jpg\" class=\"vc_single_image-img attachment-full\" alt=\"\u0424\u043e\u043b\u044c\u043a\u0435\u0440\u0442 \u041c\u0438\u043b\u044c\u0445, \u0432\u0430\u0448 \u0430\u0434\u0432\u043e\u043a\u0430\u0442 \u043f\u043e \u0442\u0440\u0443\u0434\u043e\u0432\u043e\u043c\u0443, \u0443\u0433\u043e\u043b\u043e\u0432\u043d\u043e\u043c\u0443, \u0434\u043e\u0440\u043e\u0436\u043d\u043e\u043c\u0443 \u0438 \u0433\u0440\u0430\u0436\u0434\u0430\u043d\u0441\u043a\u043e\u043c\u0443 \u043f\u0440\u0430\u0432\u0443 \u0432 \u0411\u0430\u0434-\u0425\u043e\u043d\u043d\u0435\u0444\u0435, \u041a\u0451\u043d\u0438\u0433\u0441\u0432\u0438\u043d\u0442\u0435\u0440\u0435, \u0411\u043e\u043d\u043d\u0435 \u0438 \u041a\u0451\u043b\u044c\u043d\u0435\" decoding=\"async\" loading=\"lazy\" srcset=\"https:\/\/www.milch-rechtsanwalt.de\/wp-content\/uploads\/folkert_milch_800_600.jpg 800w, https:\/\/www.milch-rechtsanwalt.de\/wp-content\/uploads\/folkert_milch_800_600-300x225.jpg 300w, https:\/\/www.milch-rechtsanwalt.de\/wp-content\/uploads\/folkert_milch_800_600-768x576.jpg 768w, https:\/\/www.milch-rechtsanwalt.de\/wp-content\/uploads\/folkert_milch_800_600-150x113.jpg 150w, https:\/\/www.milch-rechtsanwalt.de\/wp-content\/uploads\/folkert_milch_800_600-600x450.jpg 600w, https:\/\/www.milch-rechtsanwalt.de\/wp-content\/uploads\/folkert_milch_800_600-16x12.jpg 16w, https:\/\/www.milch-rechtsanwalt.de\/wp-content\/uploads\/folkert_milch_800_600-100x75.jpg 100w\" sizes=\"(max-width: 800px) 100vw, 800px\" \/><\/div>\n\t\t<\/figure>\n\t<\/div>\n<\/div><\/div><\/div><\/div><div class=\"vc_row wpb_row vc_row-fluid inner_container vc_custom_1618931267062 vc_row-has-fill\"><div class=\"wpb_column vc_column_container vc_col-sm-12\"><div class=\"vc_column-inner\"><div class=\"wpb_wrapper\"><div class=\"vc_empty_space\"   style=\"height: 32px\"><span class=\"vc_empty_space_inner\"><\/span><\/div>\n\t<div class=\"wpb_text_column wpb_content_element\" >\n\t\t<div class=\"wpb_wrapper\">\n\t\t\t<h1 style=\"text-align: center;\">CONTACT US<\/h1>\n<p style=\"text-align: center;\">\u0412\u044b \u043c\u043e\u0436\u0435\u0442\u0435 \u0441\u0432\u044f\u0437\u0430\u0442\u044c\u0441\u044f \u0441 \u043d\u0430\u043c\u0438 \u043f\u043e \u0442\u0435\u043b\u0435\u0444\u043e\u043d\u0443, \u044d\u043b\u0435\u043a\u0442\u0440\u043e\u043d\u043d\u043e\u0439 \u043f\u043e\u0447\u0442\u0435 \u0438\u043b\u0438 \u0437\u0430\u043f\u043e\u043b\u043d\u0438\u0432 \u043a\u043e\u043d\u0442\u0430\u043a\u0442\u043d\u0443\u044e \u0444\u043e\u0440\u043c\u0443.<\/p>\n\n\t\t<\/div>\n\t<\/div>\n<\/div><\/div><\/div><\/div><div class=\"vc_row wpb_row vc_row-fluid inner_container vc_row-o-content-middle vc_row-flex\"><div class=\"inner_container_fixed wpb_column vc_column_container vc_col-sm-12\"><div class=\"vc_column-inner\"><div class=\"wpb_wrapper\">\n\t<div class=\"wpb_text_column wpb_content_element\" >\n\t\t<div class=\"wpb_wrapper\">\n\t\t\t\n\t\t<\/div>\n\t<\/div>\n<div class=\"vc_row wpb_row vc_inner vc_row-fluid\"><div class=\"wpb_column vc_column_container vc_col-sm-6\"><div class=\"vc_column-inner\"><div class=\"wpb_wrapper\">\n\t<div class=\"wpb_text_column wpb_content_element\" >\n\t\t<div class=\"wpb_wrapper\">\n\t\t\t<p>\u0410\u0434\u0432\u043e\u043a\u0430\u0442\u0441\u043a\u0430\u044f \u043a\u043e\u043d\u0442\u043e\u0440\u0430 \u0424\u043e\u043b\u044c\u043a\u0435\u0440\u0442\u0430 \u041c\u0438\u043b\u044c\u0445\u0430<br \/>\n\u0413\u043b\u0430\u0432\u043d\u0430\u044f \u0443\u043b\u0438\u0446\u0430 27<br \/>\n53604 \u0411\u0430\u0434 \u0425\u043e\u043d\u043d\u0435\u0444<\/p>\n<p>\u0422\u0435\u043b: +49 (0) 2224 \/ 989209-29<br \/>\n\u0424\u0430\u043a\u0441: +49 (0) 2224 \/ 989209-20<br \/>\n\u041c\u043e\u0431\u0438\u043b\u044c\u043d\u044b\u0439 \u0442\u0435\u043b\u0435\u0444\u043e\u043d: +49 (0) 162 \/ 961 00 78<br \/>\ninfo@milch-rechtsanwalt.de<br \/>\nwww.milch-rechtsanwalt.de<\/p>\n\n\t\t<\/div>\n\t<\/div>\n<\/div><\/div><\/div><div class=\"wpb_column vc_column_container vc_col-sm-6\"><div class=\"vc_column-inner\"><div class=\"wpb_wrapper\">\n\t<div class=\"wpb_raw_code wpb_content_element wpb_raw_html\" >\n\t\t<div class=\"wpb_wrapper\">\n\t\t\t<iframe src=\"https:\/\/www.google.com\/maps\/embed?pb=!1m18!1m12!1m3!1d1264.9638823076439!2d7.223243148418277!3d50.647032677169534!2m3!1f0!2f0!3f0!3m2!1i1024!2i768!4f13.1!3m3!1m2!1s0x47bee568a43bfedf%3A0x9e8702968578eb69!2sHauptstra%C3%9Fe%2027%2C%2053604%20Bad%20Honnef!5e0!3m2!1sde!2sde!4v1631188614765!5m2!1sde!2sde\" width=\"600\" height=\"450\" style=\"border:0;\" allowfullscreen=\"\" loading=\"lazy\"><\/iframe>\n\t\t<\/div>\n\t<\/div>\n<\/div><\/div><\/div><\/div><\/div><\/div><\/div><\/div><div class=\"vc_row wpb_row vc_row-fluid inner_container vc_custom_1631531473532 vc_row-has-fill\"><div class=\"wpb_column vc_column_container vc_col-sm-12\"><div class=\"vc_column-inner\"><div class=\"wpb_wrapper\"><div class=\"vc_empty_space\"   style=\"height: 32px\"><span class=\"vc_empty_space_inner\"><\/span><\/div>\n\t<div class=\"wpb_text_column wpb_content_element\" >\n\t\t<div class=\"wpb_wrapper\">\n\t\t\t<h2 style=\"text-align: center;\">\u0421\u0412\u042f\u0417\u0410\u0422\u042c\u0421\u042f \u0421 \u041d\u0410\u041c\u0418 \u041f\u041e \u0424\u041e\u0420\u041c\u0415<\/h2>\n<p style=\"text-align: center;\">\u041f\u0440\u043e\u0441\u0442\u043e \u0437\u0430\u043f\u043e\u043b\u043d\u0438\u0442\u0435 \u0438 \u043e\u0442\u043f\u0440\u0430\u0432\u044c\u0442\u0435 \u0444\u043e\u0440\u043c\u0443 \u043d\u0438\u0436\u0435.<\/p>\n<p style=\"text-align: center;\">\u041c\u044b \u0441\u0432\u044f\u0436\u0435\u043c\u0441\u044f \u0441 \u0432\u0430\u043c\u0438 \u043a\u0430\u043a \u043c\u043e\u0436\u043d\u043e \u0441\u043a\u043e\u0440\u0435\u0435.<\/p>\n\n\t\t<\/div>\n\t<\/div>\n<\/div><\/div><\/div><\/div><div class=\"vc_row wpb_row vc_row-fluid inner_container vc_custom_1631531483032 vc_row-has-fill\"><div class=\"wpb_column vc_column_container vc_col-sm-4\"><div class=\"vc_column-inner\"><div class=\"wpb_wrapper\">\n\t<div class=\"wpb_raw_code wpb_content_element wpb_raw_html\" >\n\t\t<div class=\"wpb_wrapper\">\n\t\t\t&amp;nbsp\n\t\t<\/div>\n\t<\/div>\n<\/div><\/div><\/div><div class=\"wpb_column vc_column_container vc_col-sm-4\"><div class=\"vc_column-inner\"><div class=\"wpb_wrapper\">\n<div class=\"wpcf7 no-js\" id=\"wpcf7-f1931-o1\" lang=\"de-DE\" dir=\"ltr\">\n<div class=\"screen-reader-response\"><p role=\"status\" aria-live=\"polite\" aria-atomic=\"true\"><\/p> <ul><\/ul><\/div>\n<form action=\"\/wp-json\/wp\/v2\/pages\/3047\" method=\"post\" class=\"wpcf7-form init\" aria-label=\"Kontaktformular\" novalidate=\"novalidate\" data-status=\"init\" data-trp-original-action=\"\/ru\/wp-json\/wp\/v2\/pages\/3047#wpcf7-f1931-o1\">\n<div style=\"display: none;\">\n<input type=\"hidden\" name=\"_wpcf7\" value=\"1931\" \/>\n<input type=\"hidden\" name=\"_wpcf7_version\" value=\"5.7.4\" \/>\n<input type=\"hidden\" name=\"_wpcf7_locale\" value=\"de_DE\" \/>\n<input type=\"hidden\" name=\"_wpcf7_unit_tag\" value=\"wpcf7-f1931-o1\" \/>\n<input type=\"hidden\" name=\"_wpcf7_container_post\" value=\"0\" \/>\n<input type=\"hidden\" name=\"_wpcf7_posted_data_hash\" value=\"\" \/>\n<\/div>\n<p><label> \u0412\u0430\u0448\u0435 \u0438\u043c\u044f (\u043e\u0431\u044f\u0437\u0430\u0442\u0435\u043b\u044c\u043d\u043e\u0435 \u043f\u043e\u043b\u0435)<br \/>\n<span class=\"wpcf7-form-control-wrap\" data-name=\"your-name\"><input size=\"40\" class=\"wpcf7-form-control wpcf7-text wpcf7-validates-as-required\" aria-required=\"true\" aria-invalid=\"false\" value=\"\" type=\"text\" name=\"your-name\" \/><\/span> <\/label>\n<\/p>\n<p><label> \u0412\u0430\u0448 \u0430\u0434\u0440\u0435\u0441 \u044d\u043b\u0435\u043a\u0442\u0440\u043e\u043d\u043d\u043e\u0439 \u043f\u043e\u0447\u0442\u044b (\u043e\u0431\u044f\u0437\u0430\u0442\u0435\u043b\u044c\u043d\u043e\u0435 \u043f\u043e\u043b\u0435)<br \/>\n<span class=\"wpcf7-form-control-wrap\" data-name=\"your-email\"><input size=\"40\" class=\"wpcf7-form-control wpcf7-text wpcf7-email wpcf7-validates-as-required wpcf7-validates-as-email\" aria-required=\"true\" aria-invalid=\"false\" value=\"\" type=\"email\" name=\"your-email\" \/><\/span> <\/label>\n<\/p>\n<p><label> \u0412\u0430\u0448 \u043d\u043e\u043c\u0435\u0440 \u0442\u0435\u043b\u0435\u0444\u043e\u043d\u0430 (\u043e\u0431\u044f\u0437\u0430\u0442\u0435\u043b\u044c\u043d\u043e\u0435 \u043f\u043e\u043b\u0435)<br \/>\n<span class=\"wpcf7-form-control-wrap\" data-name=\"your-number\"><input size=\"40\" class=\"wpcf7-form-control wpcf7-text wpcf7-validates-as-required\" aria-required=\"true\" aria-invalid=\"false\" value=\"\" type=\"text\" name=\"your-number\" \/><\/span> <\/label>\n<\/p>\n<p><label> \u0422\u0435\u043c\u0430<br \/>\n<span class=\"wpcf7-form-control-wrap\" data-name=\"your-subject\"><input size=\"40\" class=\"wpcf7-form-control wpcf7-text\" aria-invalid=\"false\" value=\"\" type=\"text\" name=\"your-subject\" \/><\/span> <\/label>\n<\/p>\n<p><label> \u0412\u0430\u0448\u0435 \u0441\u043e\u043e\u0431\u0449\u0435\u043d\u0438\u0435<br \/>\n<span class=\"wpcf7-form-control-wrap\" data-name=\"your-message\"><textarea cols=\"40\" rows=\"10\" class=\"wpcf7-form-control wpcf7-textarea\" aria-invalid=\"false\" name=\"your-message\"><\/textarea><\/span> <\/label>\n<\/p>\n<p><input class=\"wpcf7-form-control has-spinner wpcf7-submit\" type=\"submit\" value=\"\u041e\u0442\u043f\u0440\u0430\u0432\u0438\u0442\u044c\" \/>\n<\/p>\n<p><span id=\"wpcf7-69dc347b8b900-wrapper\" class=\"wpcf7-form-control-wrap honeypotemailwebsite-wrap\" style=\"display:none !important; visibility:hidden !important;\"><label for=\"wpcf7-69dc347b8b900-field\" class=\"hp-message\">\u041e\u0441\u0442\u0430\u0432\u044c\u0442\u0435 \u044d\u0442\u043e \u043f\u043e\u043b\u0435 \u043f\u0443\u0441\u0442\u044b\u043c.<\/label><input id=\"wpcf7-69dc347b8b900-field\"  class=\"wpcf7-form-control wpcf7-text\" type=\"text\" name=\"honeypotemailwebsite\" value=\"\" size=\"40\" tabindex=\"-1\" autocomplete=\"new-password\" \/><\/span>\n<\/p><div class=\"wpcf7-response-output\" aria-hidden=\"true\"><\/div>\n<input type=\"hidden\" name=\"trp-form-language\" value=\"ru\"\/><\/form>\n<\/div>\n<div class=\"vc_empty_space\"   style=\"height: 32px\"><span class=\"vc_empty_space_inner\"><\/span><\/div><\/div><\/div><\/div><div class=\"wpb_column vc_column_container vc_col-sm-4\"><div class=\"vc_column-inner\"><div class=\"wpb_wrapper\"><\/div><\/div><\/div><\/div>","protected":false},"excerpt":{"rendered":"NEHMEN SIE KONTAKT MIT UNS AUF Sie k\u00f6nnen uns telefonisch, per mail oder durch Ausf\u00fcllen des Kontaktformulars erreichen. Rechtsanwaltskanzlei Folkert Milch Hauptstra\u00dfe 27 53604 Bad Honnef Tel: +49 (0) 2224 \/ 989209-29 Fax: +49 (0) 2224 \/ 989209-20 Mobil:\u2008+49 (0) 162 \/ 961 00 78 info@milch-rechtsanwalt.de www.milch-rechtsanwalt.de KONTAKTAUFNAHME PER FORMULAR F\u00fcllen Sie einfach das unten stehende Formular aus und schicken ... <a href=\"https:\/\/www.milch-rechtsanwalt.de\/ru\/kontakt\" class=\"more-link\">\u0427\u0438\u0442\u0430\u0442\u044c \u0434\u0430\u043b\u0435\u0435<\/a>","protected":false},"author":1,"featured_media":0,"parent":0,"menu_order":0,"comment_status":"closed","ping_status":"closed","template":"template-blank-4.php","meta":[],"yoast_head":"<!-- This site is optimized with the Yoast SEO plugin v20.2.1 - https:\/\/yoast.com\/wordpress\/plugins\/seo\/ -->\n<title>Kontakt - Rechtsanwaltskanzlei Folkert Milch in Bad Honnef<\/title>\n<meta name=\"description\" content=\"Folkert Milch, Ihr Rechtsanwalt f\u00fcr Arbeitsrecht, Strafrecht, Verkehrsrecht und Zivilrecht in Bad Honnef, K\u00f6nigswinter, Bonn und K\u00f6ln\" \/>\n<meta name=\"robots\" content=\"index, follow, max-snippet:-1, max-image-preview:large, max-video-preview:-1\" \/>\n<link rel=\"canonical\" href=\"https:\/\/www.milch-rechtsanwalt.de\/ru\/kontakt\" \/>\n<meta property=\"og:locale\" content=\"ru_RU\" \/>\n<meta property=\"og:type\" content=\"article\" \/>\n<meta property=\"og:title\" content=\"Kontakt - Rechtsanwaltskanzlei Folkert Milch in Bad Honnef\" \/>\n<meta property=\"og:description\" content=\"Folkert Milch, Ihr Rechtsanwalt f\u00fcr Arbeitsrecht, Strafrecht, Verkehrsrecht und Zivilrecht in Bad Honnef, K\u00f6nigswinter, Bonn und K\u00f6ln\" \/>\n<meta property=\"og:url\" content=\"https:\/\/www.milch-rechtsanwalt.de\/ru\/kontakt\" \/>\n<meta property=\"og:site_name\" content=\"Rechtsanwalt Folkert Milch\" \/>\n<meta property=\"article:modified_time\" content=\"2021-10-19T16:03:19+00:00\" \/>\n<meta name=\"twitter:card\" content=\"summary_large_image\" \/>\n<meta name=\"twitter:label1\" content=\"\u041f\u0440\u0438\u043c\u0435\u0440\u043d\u043e\u0435 \u0432\u0440\u0435\u043c\u044f \u0434\u043b\u044f \u0447\u0442\u0435\u043d\u0438\u044f\" \/>\n\t<meta name=\"twitter:data1\" content=\"2 \u043c\u0438\u043d\u0443\u0442\u044b\" \/>\n<script type=\"application\/ld+json\" class=\"yoast-schema-graph\">{\"@context\":\"https:\/\/schema.org\",\"@graph\":[{\"@type\":\"WebPage\",\"@id\":\"https:\/\/www.milch-rechtsanwalt.de\/ru\/kontakt\",\"url\":\"https:\/\/www.milch-rechtsanwalt.de\/ru\/kontakt\",\"name\":\"Kontakt - Rechtsanwaltskanzlei Folkert Milch in Bad Honnef\",\"isPartOf\":{\"@id\":\"https:\/\/www.milch-rechtsanwalt.de\/#website\"},\"datePublished\":\"2020-03-14T14:31:03+00:00\",\"dateModified\":\"2021-10-19T16:03:19+00:00\",\"description\":\"Folkert Milch, Ihr Rechtsanwalt f\u00fcr Arbeitsrecht, Strafrecht, Verkehrsrecht und Zivilrecht in Bad Honnef, K\u00f6nigswinter, Bonn und K\u00f6ln\",\"breadcrumb\":{\"@id\":\"https:\/\/www.milch-rechtsanwalt.de\/ru\/kontakt#breadcrumb\"},\"inLanguage\":\"ru-RU\",\"potentialAction\":[{\"@type\":\"ReadAction\",\"target\":[\"https:\/\/www.milch-rechtsanwalt.de\/ru\/kontakt\"]}]},{\"@type\":\"BreadcrumbList\",\"@id\":\"https:\/\/www.milch-rechtsanwalt.de\/ru\/kontakt#breadcrumb\",\"itemListElement\":[{\"@type\":\"ListItem\",\"position\":1,\"name\":\"Startseite\",\"item\":\"https:\/\/www.milch-rechtsanwalt.de\/\"},{\"@type\":\"ListItem\",\"position\":2,\"name\":\"Kontakt\"}]},{\"@type\":\"WebSite\",\"@id\":\"https:\/\/www.milch-rechtsanwalt.de\/#website\",\"url\":\"https:\/\/www.milch-rechtsanwalt.de\/\",\"name\":\"Rechtsanwalt Folkert Milch\",\"description\":\"Rechtsanwalt Folkert Milch\",\"potentialAction\":[{\"@type\":\"SearchAction\",\"target\":{\"@type\":\"EntryPoint\",\"urlTemplate\":\"https:\/\/www.milch-rechtsanwalt.de\/?s={search_term_string}\"},\"query-input\":\"required name=search_term_string\"}],\"inLanguage\":\"ru-RU\"}]}<\/script>\n<!-- \/ Yoast SEO plugin. -->","yoast_head_json":{"title":"Kontakt - Rechtsanwaltskanzlei Folkert Milch in Bad Honnef","description":"Folkert Milch, Ihr Rechtsanwalt f\u00fcr Arbeitsrecht, Strafrecht, Verkehrsrecht und Zivilrecht in Bad Honnef, K\u00f6nigswinter, Bonn und K\u00f6ln","robots":{"index":"index","follow":"follow","max-snippet":"max-snippet:-1","max-image-preview":"max-image-preview:large","max-video-preview":"max-video-preview:-1"},"canonical":"https:\/\/www.milch-rechtsanwalt.de\/ru\/kontakt","og_locale":"ru_RU","og_type":"article","og_title":"Kontakt - Rechtsanwaltskanzlei Folkert Milch in Bad Honnef","og_description":"Folkert Milch, Ihr Rechtsanwalt f\u00fcr Arbeitsrecht, Strafrecht, Verkehrsrecht und Zivilrecht in Bad Honnef, K\u00f6nigswinter, Bonn und K\u00f6ln","og_url":"https:\/\/www.milch-rechtsanwalt.de\/ru\/kontakt","og_site_name":"Rechtsanwalt Folkert Milch","article_modified_time":"2021-10-19T16:03:19+00:00","twitter_card":"summary_large_image","twitter_misc":{"\u041f\u0440\u0438\u043c\u0435\u0440\u043d\u043e\u0435 \u0432\u0440\u0435\u043c\u044f \u0434\u043b\u044f \u0447\u0442\u0435\u043d\u0438\u044f":"2 \u043c\u0438\u043d\u0443\u0442\u044b"},"schema":{"@context":"https:\/\/schema.org","@graph":[{"@type":"WebPage","@id":"https:\/\/www.milch-rechtsanwalt.de\/ru\/kontakt","url":"https:\/\/www.milch-rechtsanwalt.de\/ru\/kontakt","name":"Kontakt - Rechtsanwaltskanzlei Folkert Milch in Bad Honnef","isPartOf":{"@id":"https:\/\/www.milch-rechtsanwalt.de\/#website"},"datePublished":"2020-03-14T14:31:03+00:00","dateModified":"2021-10-19T16:03:19+00:00","description":"Folkert Milch, Ihr Rechtsanwalt f\u00fcr Arbeitsrecht, Strafrecht, Verkehrsrecht und Zivilrecht in Bad Honnef, K\u00f6nigswinter, Bonn und K\u00f6ln","breadcrumb":{"@id":"https:\/\/www.milch-rechtsanwalt.de\/ru\/kontakt#breadcrumb"},"inLanguage":"ru-RU","potentialAction":[{"@type":"ReadAction","target":["https:\/\/www.milch-rechtsanwalt.de\/ru\/kontakt"]}]},{"@type":"BreadcrumbList","@id":"https:\/\/www.milch-rechtsanwalt.de\/ru\/kontakt#breadcrumb","itemListElement":[{"@type":"ListItem","position":1,"name":"Startseite","item":"https:\/\/www.milch-rechtsanwalt.de\/"},{"@type":"ListItem","position":2,"name":"Kontakt"}]},{"@type":"WebSite","@id":"https:\/\/www.milch-rechtsanwalt.de\/#website","url":"https:\/\/www.milch-rechtsanwalt.de\/","name":"Rechtsanwalt Folkert Milch","description":"Rechtsanwalt Folkert Milch","potentialAction":[{"@type":"SearchAction","target":{"@type":"EntryPoint","urlTemplate":"https:\/\/www.milch-rechtsanwalt.de\/?s={search_term_string}"},"query-input":"required name=search_term_string"}],"inLanguage":"ru-RU"}]}},"_links":{"self":[{"href":"https:\/\/www.milch-rechtsanwalt.de\/ru\/wp-json\/wp\/v2\/pages\/3047"}],"collection":[{"href":"https:\/\/www.milch-rechtsanwalt.de\/ru\/wp-json\/wp\/v2\/pages"}],"about":[{"href":"https:\/\/www.milch-rechtsanwalt.de\/ru\/wp-json\/wp\/v2\/types\/page"}],"author":[{"embeddable":true,"href":"https:\/\/www.milch-rechtsanwalt.de\/ru\/wp-json\/wp\/v2\/users\/1"}],"replies":[{"embeddable":true,"href":"https:\/\/www.milch-rechtsanwalt.de\/ru\/wp-json\/wp\/v2\/comments?post=3047"}],"version-history":[{"count":10,"href":"https:\/\/www.milch-rechtsanwalt.de\/ru\/wp-json\/wp\/v2\/pages\/3047\/revisions"}],"predecessor-version":[{"id":4634,"href":"https:\/\/www.milch-rechtsanwalt.de\/ru\/wp-json\/wp\/v2\/pages\/3047\/revisions\/4634"}],"wp:attachment":[{"href":"https:\/\/www.milch-rechtsanwalt.de\/ru\/wp-json\/wp\/v2\/media?parent=3047"}],"curies":[{"name":"wp","href":"https:\/\/api.w.org\/{rel}","templated":true}]}}