{"id":4403,"date":"2021-09-09T11:53:33","date_gmt":"2021-09-09T11:53:33","guid":{"rendered":"https:\/\/www.milch-rechtsanwalt.de\/?page_id=4403"},"modified":"2023-03-09T19:07:42","modified_gmt":"2023-03-09T19:07:42","slug":"folkert_milch","status":"publish","type":"page","link":"https:\/\/www.milch-rechtsanwalt.de\/en\/folkert_milch","title":{"rendered":"Folkert milk"},"content":{"rendered":"<div class=\"vc_row wpb_row vc_row-fluid inner_container desktop-visible cneo-head vc_custom_1678371131840 vc_row-has-fill vc_rtl-columns-reverse vc_row-o-content-middle vc_row-flex\"><div class=\"wpb_column vc_column_container vc_col-sm-3\/5\"><div class=\"vc_column-inner vc_custom_1581831845353\"><div class=\"wpb_wrapper\">\n\t<div class=\"wpb_text_column wpb_content_element\" >\n\t\t<div class=\"wpb_wrapper\">\n\t\t\t\n\t\t<\/div>\n\t<\/div>\n<\/div><\/div><\/div><\/div><div class=\"vc_row wpb_row vc_row-fluid mobile-invisible cneo-head\"><div class=\"wpb_column vc_column_container vc_col-sm-12\"><div class=\"vc_column-inner\"><div class=\"wpb_wrapper\">\n\t<div  class=\"wpb_single_image wpb_content_element vc_align_center\">\n\t\t\n\t\t<figure class=\"wpb_wrapper vc_figure\">\n\t\t\t<div class=\"vc_single_image-wrapper   vc_box_border_grey\"><img width=\"800\" height=\"600\" src=\"https:\/\/www.milch-rechtsanwalt.de\/wp-content\/uploads\/folkert_milch_800_600_1.jpg\" class=\"vc_single_image-img attachment-full\" alt=\"\" decoding=\"async\" loading=\"lazy\" srcset=\"https:\/\/www.milch-rechtsanwalt.de\/wp-content\/uploads\/folkert_milch_800_600_1.jpg 800w, https:\/\/www.milch-rechtsanwalt.de\/wp-content\/uploads\/folkert_milch_800_600_1-300x225.jpg 300w, https:\/\/www.milch-rechtsanwalt.de\/wp-content\/uploads\/folkert_milch_800_600_1-768x576.jpg 768w, https:\/\/www.milch-rechtsanwalt.de\/wp-content\/uploads\/folkert_milch_800_600_1-16x12.jpg 16w, https:\/\/www.milch-rechtsanwalt.de\/wp-content\/uploads\/folkert_milch_800_600_1-100x75.jpg 100w\" sizes=\"(max-width: 800px) 100vw, 800px\" \/><\/div>\n\t\t<\/figure>\n\t<\/div>\n<\/div><\/div><\/div><\/div><div class=\"vc_row wpb_row vc_row-fluid inner_container vc_custom_1614849253611 vc_row-has-fill\"><div class=\"wpb_column vc_column_container vc_col-sm-12\"><div class=\"vc_column-inner\"><div class=\"wpb_wrapper\">\n\t<div class=\"wpb_text_column wpb_content_element  inner_container_fixed\" >\n\t\t<div class=\"wpb_wrapper\">\n\t\t\t<h1 style=\"text-align: center;\">LAWYER FOLKERT MILCH<\/h1>\n<p style=\"text-align: center;\">As a lawyer, Folkert Milch specialises in the fields of criminal law, civil law, traffic law and employment law. Our clients include private individuals as well as clients in the fields of industry, trade and services as well as public companies of all legal forms and sizes.<\/p>\n\n\t\t<\/div>\n\t<\/div>\n<div class=\"vc_empty_space\"   style=\"height: 32px\"><span class=\"vc_empty_space_inner\"><\/span><\/div><\/div><\/div><\/div><\/div><div class=\"vc_row wpb_row vc_row-fluid inner_container vc_custom_1614849444919 vc_row-has-fill\"><div class=\"wpb_column vc_column_container vc_col-sm-12\"><div class=\"vc_column-inner\"><div class=\"wpb_wrapper\"><div class=\"vc_empty_space\"   style=\"height: 32px\"><span class=\"vc_empty_space_inner\"><\/span><\/div><div class=\"vc_row wpb_row vc_inner vc_row-fluid inner_container_fixed\"><div class=\"wpb_column vc_column_container vc_col-sm-6\"><div class=\"vc_column-inner\"><div class=\"wpb_wrapper\">\n\t<div class=\"wpb_text_column wpb_content_element\" >\n\t\t<div class=\"wpb_wrapper\">\n\t\t\t<h2>VITA<\/h2>\n<p>Lawyer Folkert Milch studied law at the Rheinische Friedrich-Wilhelms University in Bonn and completed his studies with the First State Law Examination at the Higher Regional Court in D\u00fcsseldorf.<\/p>\n<p>He passed the Second State Examination in Law at the Higher Regional Court of Cologne. Initially, he worked for the TRANSFORM Programme for Eastern Europe of the German Federal Government. Then he worked for the Organization for Security and Cooperation in Europe in Ukraine and Serbia and for a World Bank project in Kyrgyzstan.<\/p>\n<p>This was followed by various foreign activities for legal, judicial and administrative reform projects of the EU as project manager in Ukraine, Bosnia, Kosovo, Northern Macedonia and Turkmenistan.<\/p>\n<p>Lawyer Folkert Milch speaks German, English and Russian. He is a member of the City Council of the City of Bad Honnef, where he is also a member of the Planning and Building Committee and the Committee for Tendering and Real Estate.<\/p>\n\n\t\t<\/div>\n\t<\/div>\n<\/div><\/div><\/div><div class=\"wpb_column vc_column_container vc_col-sm-6\"><div class=\"vc_column-inner\"><div class=\"wpb_wrapper\">\n\t<div  class=\"wpb_single_image wpb_content_element vc_align_left\">\n\t\t\n\t\t<figure class=\"wpb_wrapper vc_figure\">\n\t\t\t<div class=\"vc_single_image-wrapper   vc_box_border_grey\"><img width=\"600\" height=\"800\" src=\"https:\/\/www.milch-rechtsanwalt.de\/wp-content\/uploads\/folkert_milch_600_800_1.jpg\" class=\"vc_single_image-img attachment-full\" alt=\"\" decoding=\"async\" loading=\"lazy\" srcset=\"https:\/\/www.milch-rechtsanwalt.de\/wp-content\/uploads\/folkert_milch_600_800_1.jpg 600w, https:\/\/www.milch-rechtsanwalt.de\/wp-content\/uploads\/folkert_milch_600_800_1-225x300.jpg 225w, https:\/\/www.milch-rechtsanwalt.de\/wp-content\/uploads\/folkert_milch_600_800_1-9x12.jpg 9w, https:\/\/www.milch-rechtsanwalt.de\/wp-content\/uploads\/folkert_milch_600_800_1-100x133.jpg 100w\" sizes=\"(max-width: 600px) 100vw, 600px\" \/><\/div>\n\t\t<\/figure>\n\t<\/div>\n<\/div><\/div><\/div><\/div><div class=\"vc_empty_space\"   style=\"height: 32px\"><span class=\"vc_empty_space_inner\"><\/span><\/div><\/div><\/div><\/div><\/div><div class=\"vc_row wpb_row vc_row-fluid inner_container vc_custom_1614861141141 vc_row-has-fill\"><div class=\"wpb_column vc_column_container vc_col-sm-12\"><div class=\"vc_column-inner\"><div class=\"wpb_wrapper\"><div class=\"vc_empty_space\"   style=\"height: 32px\"><span class=\"vc_empty_space_inner\"><\/span><\/div><div class=\"vc_row wpb_row vc_inner vc_row-fluid inner_container_fixed\"><div class=\"wpb_column vc_column_container vc_col-sm-6\"><div class=\"vc_column-inner\"><div class=\"wpb_wrapper\">\n\t<div  class=\"wpb_single_image wpb_content_element vc_align_left\">\n\t\t\n\t\t<figure class=\"wpb_wrapper vc_figure\">\n\t\t\t<div class=\"vc_single_image-wrapper   vc_box_border_grey\"><img width=\"500\" height=\"666\" src=\"https:\/\/www.milch-rechtsanwalt.de\/wp-content\/uploads\/AdobeStock_247330807-1.jpg\" class=\"vc_single_image-img attachment-full\" alt=\"Folkert Milch, your lawyer for labour law, criminal law, traffic law and civil law in Bad Honnef, K\u00f6nigswinter, Bonn and Cologne\" decoding=\"async\" loading=\"lazy\" srcset=\"https:\/\/www.milch-rechtsanwalt.de\/wp-content\/uploads\/AdobeStock_247330807-1.jpg 500w, https:\/\/www.milch-rechtsanwalt.de\/wp-content\/uploads\/AdobeStock_247330807-1-225x300.jpg 225w, https:\/\/www.milch-rechtsanwalt.de\/wp-content\/uploads\/AdobeStock_247330807-1-150x200.jpg 150w, https:\/\/www.milch-rechtsanwalt.de\/wp-content\/uploads\/AdobeStock_247330807-1-9x12.jpg 9w, https:\/\/www.milch-rechtsanwalt.de\/wp-content\/uploads\/AdobeStock_247330807-1-100x133.jpg 100w\" sizes=\"(max-width: 500px) 100vw, 500px\" \/><\/div>\n\t\t<\/figure>\n\t<\/div>\n<\/div><\/div><\/div><div class=\"wpb_column vc_column_container vc_col-sm-6\"><div class=\"vc_column-inner\"><div class=\"wpb_wrapper\">\n\t<div class=\"wpb_text_column wpb_content_element\" >\n\t\t<div class=\"wpb_wrapper\">\n\t\t\t<h2>PHILOSOPHY<\/h2>\n<p>The focus is on the client and the mandate!<\/p>\n<p>When we take on a matter, we attach the greatest importance to examining the underlying facts professionally and thoroughly and to comprehensively clarifying the legal issues that arise.<\/p>\n<p>However, the focus is always on the client's goals.<\/p>\n<p>The primary task is always to find the best possible solution for the client. This requires that we are able to put ourselves in their shoes and recognise their point of view.<\/p>\n<p>The situation of the client in all your concerns is fully taken into account and we adapt the legal support to these necessities.<\/p>\n<p>We see our advice and representation as competent, partnership-based support.<\/p>\n\n\t\t<\/div>\n\t<\/div>\n<\/div><\/div><\/div><\/div><div class=\"vc_empty_space\"   style=\"height: 32px\"><span class=\"vc_empty_space_inner\"><\/span><\/div><\/div><\/div><\/div><\/div><div class=\"vc_row wpb_row vc_row-fluid inner_container vc_row-o-content-middle vc_row-flex\"><div class=\"inner_container_fixed wpb_column vc_column_container vc_col-sm-12\"><div class=\"vc_column-inner\"><div class=\"wpb_wrapper\">\n\t<div class=\"wpb_text_column wpb_content_element\" >\n\t\t<div class=\"wpb_wrapper\">\n\t\t\t<h2 style=\"text-align: center;\">THINGS WE STAND FOR<\/h2>\n<p style=\"text-align: center;\">There are many good reasons for working together lawyer Folkert Milch.<\/p>\n<p style=\"text-align: center;\">On the one hand, you have a plannable, reliable and binding partner with whom you can still work together on a handshake. On the other hand, we treat your concerns and the entire project as if it were our own: that is, with respect and always with the goal of always achieving the very best.<\/p>\n<p style=\"text-align: center;\">We are also able to react flexibly and at short notice. The following things distinguish us:<\/p>\n\n\t\t<\/div>\n\t<\/div>\n<div class=\"vc_row wpb_row vc_inner vc_row-fluid\"><div class=\"wpb_column vc_column_container vc_col-sm-4\"><div class=\"vc_column-inner\"><div class=\"wpb_wrapper\">\n\t<div  class=\"wpb_single_image wpb_content_element vc_align_center\">\n\t\t\n\t\t<figure class=\"wpb_wrapper vc_figure\">\n\t\t\t<div class=\"vc_single_image-wrapper   vc_box_border_grey\"><img width=\"150\" height=\"150\" src=\"https:\/\/www.milch-rechtsanwalt.de\/wp-content\/uploads\/icon_freundlichkeit_400_400_sw-150x150.png\" class=\"vc_single_image-img attachment-thumbnail\" alt=\"\" decoding=\"async\" loading=\"lazy\" srcset=\"https:\/\/www.milch-rechtsanwalt.de\/wp-content\/uploads\/icon_freundlichkeit_400_400_sw-150x150.png 150w, https:\/\/www.milch-rechtsanwalt.de\/wp-content\/uploads\/icon_freundlichkeit_400_400_sw-300x300.png 300w, https:\/\/www.milch-rechtsanwalt.de\/wp-content\/uploads\/icon_freundlichkeit_400_400_sw-12x12.png 12w, https:\/\/www.milch-rechtsanwalt.de\/wp-content\/uploads\/icon_freundlichkeit_400_400_sw-100x100.png 100w, https:\/\/www.milch-rechtsanwalt.de\/wp-content\/uploads\/icon_freundlichkeit_400_400_sw.png 400w\" sizes=\"(max-width: 150px) 100vw, 150px\" \/><\/div>\n\t\t<\/figure>\n\t<\/div>\n\n\t<div class=\"wpb_text_column wpb_content_element\" >\n\t\t<div class=\"wpb_wrapper\">\n\t\t\t<p style=\"text-align: center;\"><strong>KINDNESS<br \/>\n<\/strong>We take you and your concerns seriously and are appreciative in our dealings with each other<\/p>\n\n\t\t<\/div>\n\t<\/div>\n<\/div><\/div><\/div><div class=\"wpb_column vc_column_container vc_col-sm-4\"><div class=\"vc_column-inner\"><div class=\"wpb_wrapper\">\n\t<div  class=\"wpb_single_image wpb_content_element vc_align_center\">\n\t\t\n\t\t<figure class=\"wpb_wrapper vc_figure\">\n\t\t\t<div class=\"vc_single_image-wrapper   vc_box_border_grey\"><img width=\"150\" height=\"150\" src=\"https:\/\/www.milch-rechtsanwalt.de\/wp-content\/uploads\/icon_professionalitaet_400_400_sw-1-150x150.png\" class=\"vc_single_image-img attachment-thumbnail\" alt=\"\" decoding=\"async\" loading=\"lazy\" srcset=\"https:\/\/www.milch-rechtsanwalt.de\/wp-content\/uploads\/icon_professionalitaet_400_400_sw-1-150x150.png 150w, https:\/\/www.milch-rechtsanwalt.de\/wp-content\/uploads\/icon_professionalitaet_400_400_sw-1-300x300.png 300w, https:\/\/www.milch-rechtsanwalt.de\/wp-content\/uploads\/icon_professionalitaet_400_400_sw-1-12x12.png 12w, https:\/\/www.milch-rechtsanwalt.de\/wp-content\/uploads\/icon_professionalitaet_400_400_sw-1-100x100.png 100w, https:\/\/www.milch-rechtsanwalt.de\/wp-content\/uploads\/icon_professionalitaet_400_400_sw-1.png 400w\" sizes=\"(max-width: 150px) 100vw, 150px\" \/><\/div>\n\t\t<\/figure>\n\t<\/div>\n\n\t<div class=\"wpb_text_column wpb_content_element\" >\n\t\t<div class=\"wpb_wrapper\">\n\t\t\t<p style=\"text-align: center;\"><strong>PROFESSIONALISM<br \/>\n<\/strong>We follow up every request with the due professionalism, no matter from which area<\/p>\n\n\t\t<\/div>\n\t<\/div>\n<\/div><\/div><\/div><div class=\"wpb_column vc_column_container vc_col-sm-4\"><div class=\"vc_column-inner\"><div class=\"wpb_wrapper\">\n\t<div  class=\"wpb_single_image wpb_content_element vc_align_center\">\n\t\t\n\t\t<figure class=\"wpb_wrapper vc_figure\">\n\t\t\t<div class=\"vc_single_image-wrapper   vc_box_border_grey\"><img width=\"150\" height=\"150\" src=\"https:\/\/www.milch-rechtsanwalt.de\/wp-content\/uploads\/icon_zuverlaessigkeit_400_400_sw-150x150.png\" class=\"vc_single_image-img attachment-thumbnail\" alt=\"\" decoding=\"async\" loading=\"lazy\" srcset=\"https:\/\/www.milch-rechtsanwalt.de\/wp-content\/uploads\/icon_zuverlaessigkeit_400_400_sw-150x150.png 150w, https:\/\/www.milch-rechtsanwalt.de\/wp-content\/uploads\/icon_zuverlaessigkeit_400_400_sw-300x300.png 300w, https:\/\/www.milch-rechtsanwalt.de\/wp-content\/uploads\/icon_zuverlaessigkeit_400_400_sw-12x12.png 12w, https:\/\/www.milch-rechtsanwalt.de\/wp-content\/uploads\/icon_zuverlaessigkeit_400_400_sw-100x100.png 100w, https:\/\/www.milch-rechtsanwalt.de\/wp-content\/uploads\/icon_zuverlaessigkeit_400_400_sw.png 400w\" sizes=\"(max-width: 150px) 100vw, 150px\" \/><\/div>\n\t\t<\/figure>\n\t<\/div>\n\n\t<div class=\"wpb_text_column wpb_content_element\" >\n\t\t<div class=\"wpb_wrapper\">\n\t\t\t<p style=\"text-align: center;\"><strong>RELIABILITY<br \/>\n<\/strong>You can rely on us<a href=\"\/en\/leistungen\/\">:<\/a> we keep our promises<a href=\"https:\/\/de.wikipedia.org\/wiki\/Personalvermittlung\" target=\"_blank\" rel=\"noopener noreferrer\">,<\/a> whether orally or in writing<\/p>\n\n\t\t<\/div>\n\t<\/div>\n<\/div><\/div><\/div><\/div><div class=\"vc_empty_space\"   style=\"height: 32px\"><span class=\"vc_empty_space_inner\"><\/span><\/div><\/div><\/div><\/div><\/div>","protected":false},"excerpt":{"rendered":"LAWYER FOLKERT MILCH As a lawyer, Folkert Milch specializes in the legal fields of criminal law, civil law, traffic law and labor law. Our clients include private individuals as well as clients in the fields of industry, trade and services as well as public companies of all legal forms and sizes. VITA attorney Folkert Milch graduated in law from the Rheinische Friedrich-Wilhelms University in Bonn and completed his ... <a href=\"https:\/\/www.milch-rechtsanwalt.de\/en\/folkert_milch\" class=\"more-link\">Read More<\/a>","protected":false},"author":1,"featured_media":4341,"parent":0,"menu_order":0,"comment_status":"closed","ping_status":"closed","template":"template-blank-4.php","meta":[],"yoast_head":"<!-- This site is optimized with the Yoast SEO plugin v20.2.1 - https:\/\/yoast.com\/wordpress\/plugins\/seo\/ -->\n<title>Folkert Milch - Rechtsanwaltskanzlei Folkert Milch in Bad Honnef<\/title>\n<meta name=\"description\" content=\"Folkert Milch, Ihr Rechtsanwalt f\u00fcr Arbeitsrecht, Strafrecht, Verkehrsrecht und Zivilrecht in Bad Honnef, K\u00f6nigswinter, Bonn und K\u00f6ln\" \/>\n<meta name=\"robots\" content=\"index, follow, max-snippet:-1, max-image-preview:large, max-video-preview:-1\" \/>\n<link rel=\"canonical\" href=\"https:\/\/www.milch-rechtsanwalt.de\/en\/folkert_milch\/\" \/>\n<meta property=\"og:locale\" content=\"en_GB\" \/>\n<meta property=\"og:type\" content=\"article\" \/>\n<meta property=\"og:title\" content=\"Folkert Milch - Rechtsanwaltskanzlei Folkert Milch in Bad Honnef\" \/>\n<meta property=\"og:description\" content=\"Folkert Milch, Ihr Rechtsanwalt f\u00fcr Arbeitsrecht, Strafrecht, Verkehrsrecht und Zivilrecht in Bad Honnef, K\u00f6nigswinter, Bonn und K\u00f6ln\" \/>\n<meta property=\"og:url\" content=\"https:\/\/www.milch-rechtsanwalt.de\/en\/folkert_milch\/\" \/>\n<meta property=\"og:site_name\" content=\"Rechtsanwalt Folkert Milch\" \/>\n<meta property=\"article:modified_time\" content=\"2023-03-09T19:07:42+00:00\" \/>\n<meta property=\"og:image\" content=\"https:\/\/www.milch-rechtsanwalt.de\/wp-content\/uploads\/folkert_milch_800_600.jpg\" \/>\n\t<meta property=\"og:image:width\" content=\"800\" \/>\n\t<meta property=\"og:image:height\" content=\"600\" \/>\n\t<meta property=\"og:image:type\" content=\"image\/jpeg\" \/>\n<meta name=\"twitter:card\" content=\"summary_large_image\" \/>\n<meta name=\"twitter:label1\" content=\"Estimated reading time\" \/>\n\t<meta name=\"twitter:data1\" content=\"3 minutes\" \/>\n<script type=\"application\/ld+json\" class=\"yoast-schema-graph\">{\"@context\":\"https:\/\/schema.org\",\"@graph\":[{\"@type\":\"WebPage\",\"@id\":\"https:\/\/www.milch-rechtsanwalt.de\/folkert_milch\",\"url\":\"https:\/\/www.milch-rechtsanwalt.de\/folkert_milch\",\"name\":\"Folkert Milch - Rechtsanwaltskanzlei Folkert Milch in Bad Honnef\",\"isPartOf\":{\"@id\":\"https:\/\/www.milch-rechtsanwalt.de\/#website\"},\"datePublished\":\"2021-09-09T11:53:33+00:00\",\"dateModified\":\"2023-03-09T19:07:42+00:00\",\"description\":\"Folkert Milch, Ihr Rechtsanwalt f\u00fcr Arbeitsrecht, Strafrecht, Verkehrsrecht und Zivilrecht in Bad Honnef, K\u00f6nigswinter, Bonn und K\u00f6ln\",\"breadcrumb\":{\"@id\":\"https:\/\/www.milch-rechtsanwalt.de\/folkert_milch#breadcrumb\"},\"inLanguage\":\"en-GB\",\"potentialAction\":[{\"@type\":\"ReadAction\",\"target\":[\"https:\/\/www.milch-rechtsanwalt.de\/folkert_milch\"]}]},{\"@type\":\"BreadcrumbList\",\"@id\":\"https:\/\/www.milch-rechtsanwalt.de\/folkert_milch#breadcrumb\",\"itemListElement\":[{\"@type\":\"ListItem\",\"position\":1,\"name\":\"Startseite\",\"item\":\"https:\/\/www.milch-rechtsanwalt.de\/\"},{\"@type\":\"ListItem\",\"position\":2,\"name\":\"Folkert Milch\"}]},{\"@type\":\"WebSite\",\"@id\":\"https:\/\/www.milch-rechtsanwalt.de\/#website\",\"url\":\"https:\/\/www.milch-rechtsanwalt.de\/\",\"name\":\"Rechtsanwalt Folkert Milch\",\"description\":\"Rechtsanwalt Folkert Milch\",\"potentialAction\":[{\"@type\":\"SearchAction\",\"target\":{\"@type\":\"EntryPoint\",\"urlTemplate\":\"https:\/\/www.milch-rechtsanwalt.de\/?s={search_term_string}\"},\"query-input\":\"required name=search_term_string\"}],\"inLanguage\":\"en-GB\"}]}<\/script>\n<!-- \/ Yoast SEO plugin. -->","yoast_head_json":{"title":"Folkert Milch - Rechtsanwaltskanzlei Folkert Milch in Bad Honnef","description":"Folkert Milch, Ihr Rechtsanwalt f\u00fcr Arbeitsrecht, Strafrecht, Verkehrsrecht und Zivilrecht in Bad Honnef, K\u00f6nigswinter, Bonn und K\u00f6ln","robots":{"index":"index","follow":"follow","max-snippet":"max-snippet:-1","max-image-preview":"max-image-preview:large","max-video-preview":"max-video-preview:-1"},"canonical":"https:\/\/www.milch-rechtsanwalt.de\/en\/folkert_milch\/","og_locale":"en_GB","og_type":"article","og_title":"Folkert Milch - Rechtsanwaltskanzlei Folkert Milch in Bad Honnef","og_description":"Folkert Milch, Ihr Rechtsanwalt f\u00fcr Arbeitsrecht, Strafrecht, Verkehrsrecht und Zivilrecht in Bad Honnef, K\u00f6nigswinter, Bonn und K\u00f6ln","og_url":"https:\/\/www.milch-rechtsanwalt.de\/en\/folkert_milch\/","og_site_name":"Rechtsanwalt Folkert Milch","article_modified_time":"2023-03-09T19:07:42+00:00","og_image":[{"width":800,"height":600,"url":"https:\/\/www.milch-rechtsanwalt.de\/wp-content\/uploads\/folkert_milch_800_600.jpg","type":"image\/jpeg"}],"twitter_card":"summary_large_image","twitter_misc":{"Estimated reading time":"3 minutes"},"schema":{"@context":"https:\/\/schema.org","@graph":[{"@type":"WebPage","@id":"https:\/\/www.milch-rechtsanwalt.de\/folkert_milch","url":"https:\/\/www.milch-rechtsanwalt.de\/folkert_milch","name":"Folkert Milch - Rechtsanwaltskanzlei Folkert Milch in Bad Honnef","isPartOf":{"@id":"https:\/\/www.milch-rechtsanwalt.de\/#website"},"datePublished":"2021-09-09T11:53:33+00:00","dateModified":"2023-03-09T19:07:42+00:00","description":"Folkert Milch, Ihr Rechtsanwalt f\u00fcr Arbeitsrecht, Strafrecht, Verkehrsrecht und Zivilrecht in Bad Honnef, K\u00f6nigswinter, Bonn und K\u00f6ln","breadcrumb":{"@id":"https:\/\/www.milch-rechtsanwalt.de\/folkert_milch#breadcrumb"},"inLanguage":"en-GB","potentialAction":[{"@type":"ReadAction","target":["https:\/\/www.milch-rechtsanwalt.de\/folkert_milch"]}]},{"@type":"BreadcrumbList","@id":"https:\/\/www.milch-rechtsanwalt.de\/folkert_milch#breadcrumb","itemListElement":[{"@type":"ListItem","position":1,"name":"Startseite","item":"https:\/\/www.milch-rechtsanwalt.de\/"},{"@type":"ListItem","position":2,"name":"Folkert Milch"}]},{"@type":"WebSite","@id":"https:\/\/www.milch-rechtsanwalt.de\/#website","url":"https:\/\/www.milch-rechtsanwalt.de\/","name":"Rechtsanwalt Folkert Milch","description":"Rechtsanwalt Folkert Milch","potentialAction":[{"@type":"SearchAction","target":{"@type":"EntryPoint","urlTemplate":"https:\/\/www.milch-rechtsanwalt.de\/?s={search_term_string}"},"query-input":"required name=search_term_string"}],"inLanguage":"en-GB"}]}},"_links":{"self":[{"href":"https:\/\/www.milch-rechtsanwalt.de\/en\/wp-json\/wp\/v2\/pages\/4403"}],"collection":[{"href":"https:\/\/www.milch-rechtsanwalt.de\/en\/wp-json\/wp\/v2\/pages"}],"about":[{"href":"https:\/\/www.milch-rechtsanwalt.de\/en\/wp-json\/wp\/v2\/types\/page"}],"author":[{"embeddable":true,"href":"https:\/\/www.milch-rechtsanwalt.de\/en\/wp-json\/wp\/v2\/users\/1"}],"replies":[{"embeddable":true,"href":"https:\/\/www.milch-rechtsanwalt.de\/en\/wp-json\/wp\/v2\/comments?post=4403"}],"version-history":[{"count":22,"href":"https:\/\/www.milch-rechtsanwalt.de\/en\/wp-json\/wp\/v2\/pages\/4403\/revisions"}],"predecessor-version":[{"id":4648,"href":"https:\/\/www.milch-rechtsanwalt.de\/en\/wp-json\/wp\/v2\/pages\/4403\/revisions\/4648"}],"wp:featuredmedia":[{"embeddable":true,"href":"https:\/\/www.milch-rechtsanwalt.de\/en\/wp-json\/wp\/v2\/media\/4341"}],"wp:attachment":[{"href":"https:\/\/www.milch-rechtsanwalt.de\/en\/wp-json\/wp\/v2\/media?parent=4403"}],"curies":[{"name":"wp","href":"https:\/\/api.w.org\/{rel}","templated":true}]}}