{"id":4380,"date":"2021-09-09T09:40:07","date_gmt":"2021-09-09T09:40:07","guid":{"rendered":"https:\/\/www.milch-rechtsanwalt.de\/?page_id=4380"},"modified":"2021-09-27T14:05:48","modified_gmt":"2021-09-27T14:05:48","slug":"strafrecht","status":"publish","type":"page","link":"https:\/\/www.milch-rechtsanwalt.de\/en\/strafrecht","title":{"rendered":"Criminal Law"},"content":{"rendered":"<div class=\"vc_row wpb_row vc_row-fluid inner_container desktop-visible cneo-head vc_custom_1631180393168 vc_row-has-fill vc_rtl-columns-reverse vc_row-o-content-middle vc_row-flex\"><div class=\"wpb_column vc_column_container vc_col-sm-3\/5\"><div class=\"vc_column-inner vc_custom_1581831845353\"><div class=\"wpb_wrapper\">\n\t<div class=\"wpb_text_column wpb_content_element\" >\n\t\t<div class=\"wpb_wrapper\">\n\t\t\t\n\t\t<\/div>\n\t<\/div>\n<\/div><\/div><\/div><\/div><div class=\"vc_row wpb_row vc_row-fluid mobile-invisible cneo-head\"><div class=\"wpb_column vc_column_container vc_col-sm-12\"><div class=\"vc_column-inner\"><div class=\"wpb_wrapper\">\n\t<div  class=\"wpb_single_image wpb_content_element vc_align_center\">\n\t\t\n\t\t<figure class=\"wpb_wrapper vc_figure\">\n\t\t\t<div class=\"vc_single_image-wrapper   vc_box_border_grey\"><img width=\"800\" height=\"600\" src=\"https:\/\/www.milch-rechtsanwalt.de\/wp-content\/uploads\/strafrecht_800_600.jpg\" class=\"vc_single_image-img attachment-full\" alt=\"Folkert Milch, your lawyer for labour law, criminal law, traffic law and civil law in Bad Honnef, K\u00f6nigswinter, Bonn and Cologne\" decoding=\"async\" loading=\"lazy\" srcset=\"https:\/\/www.milch-rechtsanwalt.de\/wp-content\/uploads\/strafrecht_800_600.jpg 800w, https:\/\/www.milch-rechtsanwalt.de\/wp-content\/uploads\/strafrecht_800_600-300x225.jpg 300w, https:\/\/www.milch-rechtsanwalt.de\/wp-content\/uploads\/strafrecht_800_600-768x576.jpg 768w, https:\/\/www.milch-rechtsanwalt.de\/wp-content\/uploads\/strafrecht_800_600-150x113.jpg 150w, https:\/\/www.milch-rechtsanwalt.de\/wp-content\/uploads\/strafrecht_800_600-600x450.jpg 600w, https:\/\/www.milch-rechtsanwalt.de\/wp-content\/uploads\/strafrecht_800_600-16x12.jpg 16w, https:\/\/www.milch-rechtsanwalt.de\/wp-content\/uploads\/strafrecht_800_600-100x75.jpg 100w\" sizes=\"(max-width: 800px) 100vw, 800px\" \/><\/div>\n\t\t<\/figure>\n\t<\/div>\n<\/div><\/div><\/div><\/div><div class=\"vc_row wpb_row vc_row-fluid inner_container vc_custom_1614849253611 vc_row-has-fill\"><div class=\"wpb_column vc_column_container vc_col-sm-12\"><div class=\"vc_column-inner\"><div class=\"wpb_wrapper\">\n\t<div class=\"wpb_text_column wpb_content_element  inner_container_fixed\" >\n\t\t<div class=\"wpb_wrapper\">\n\t\t\t<h1 style=\"text-align: center;\">CRIMINAL LAW<\/h1>\n<p style=\"text-align: center;\">Every citizen can come into contact with criminal law: either as an accused or someone who has been the victim of a crime. In both cases, we represent your interests and in the event of a prosecutorial investigation or an indictment, we defend you.<\/p>\n\n\t\t<\/div>\n\t<\/div>\n<div class=\"vc_empty_space\"   style=\"height: 32px\"><span class=\"vc_empty_space_inner\"><\/span><\/div><\/div><\/div><\/div><\/div><div class=\"vc_row wpb_row vc_row-fluid inner_container\"><div class=\"wpb_column vc_column_container vc_col-sm-12\"><div class=\"vc_column-inner\"><div class=\"wpb_wrapper\">\n\t<div class=\"wpb_text_column wpb_content_element\" >\n\t\t<div class=\"wpb_wrapper\">\n\t\t\t\n\t\t<\/div>\n\t<\/div>\n<div class=\"vc_row wpb_row vc_inner vc_row-fluid inner_container_fixed vc_column-gap-25\"><div class=\"wpb_column vc_column_container vc_col-sm-6\"><div class=\"vc_column-inner\"><div class=\"wpb_wrapper\">\n\t<div  class=\"wpb_single_image wpb_content_element vc_align_left\">\n\t\t\n\t\t<figure class=\"wpb_wrapper vc_figure\">\n\t\t\t<div class=\"vc_single_image-wrapper   vc_box_border_grey\"><img width=\"800\" height=\"600\" src=\"https:\/\/www.milch-rechtsanwalt.de\/wp-content\/uploads\/einbruch_800_600.jpg\" class=\"vc_single_image-img attachment-full\" alt=\"Folkert Milch, your lawyer for labour law, criminal law, traffic law and civil law in Bad Honnef, K\u00f6nigswinter, Bonn and Cologne\" decoding=\"async\" loading=\"lazy\" srcset=\"https:\/\/www.milch-rechtsanwalt.de\/wp-content\/uploads\/einbruch_800_600.jpg 800w, https:\/\/www.milch-rechtsanwalt.de\/wp-content\/uploads\/einbruch_800_600-300x225.jpg 300w, https:\/\/www.milch-rechtsanwalt.de\/wp-content\/uploads\/einbruch_800_600-768x576.jpg 768w, https:\/\/www.milch-rechtsanwalt.de\/wp-content\/uploads\/einbruch_800_600-150x113.jpg 150w, https:\/\/www.milch-rechtsanwalt.de\/wp-content\/uploads\/einbruch_800_600-600x450.jpg 600w, https:\/\/www.milch-rechtsanwalt.de\/wp-content\/uploads\/einbruch_800_600-16x12.jpg 16w, https:\/\/www.milch-rechtsanwalt.de\/wp-content\/uploads\/einbruch_800_600-100x75.jpg 100w\" sizes=\"(max-width: 800px) 100vw, 800px\" \/><\/div>\n\t\t<\/figure>\n\t<\/div>\n<\/div><\/div><\/div><div class=\"wpb_column vc_column_container vc_col-sm-6\"><div class=\"vc_column-inner\"><div class=\"wpb_wrapper\">\n\t<div class=\"wpb_text_column wpb_content_element\" >\n\t\t<div class=\"wpb_wrapper\">\n\t\t\t<h2>INVESTIGATIVE PROCEDURE<\/h2>\n<p>In the event of a criminal investigation, hiring an attorney in a timely manner is essential so that your rights can be represented in the best possible manner.<\/p>\n<p>In principle, it is advisable to seek legal advice and support as early as possible in criminal proceedings.<\/p>\n\n\t\t<\/div>\n\t<\/div>\n\n\t<div class=\"wpb_text_column wpb_content_element\" >\n\t\t<div class=\"wpb_wrapper\">\n\t\t\t<a  class=\"x-btn x-btn-block\"  href=\"\/en\/kontakt\/\"     data-options=\"thumbnail: ''\">contact<\/a>\n\n\t\t<\/div>\n\t<\/div>\n<\/div><\/div><\/div><\/div><\/div><\/div><\/div><\/div><div class=\"vc_row wpb_row vc_row-fluid inner_container vc_custom_1628690124554 vc_row-has-fill\"><div class=\"wpb_column vc_column_container vc_col-sm-12\"><div class=\"vc_column-inner\"><div class=\"wpb_wrapper\"><div class=\"vc_row wpb_row vc_inner vc_row-fluid inner_container_fixed vc_column-gap-25\"><div class=\"wpb_column vc_column_container vc_col-sm-6\"><div class=\"vc_column-inner\"><div class=\"wpb_wrapper\">\n\t<div  class=\"wpb_single_image wpb_content_element vc_align_left\">\n\t\t\n\t\t<figure class=\"wpb_wrapper vc_figure\">\n\t\t\t<div class=\"vc_single_image-wrapper   vc_box_border_grey\"><img width=\"800\" height=\"600\" src=\"https:\/\/www.milch-rechtsanwalt.de\/wp-content\/uploads\/AdobeStock_86318826.jpg\" class=\"vc_single_image-img attachment-full\" alt=\"Folkert Milch, your lawyer for labour law, criminal law, traffic law and civil law in Bad Honnef, K\u00f6nigswinter, Bonn and Cologne\" decoding=\"async\" loading=\"lazy\" srcset=\"https:\/\/www.milch-rechtsanwalt.de\/wp-content\/uploads\/AdobeStock_86318826.jpg 800w, https:\/\/www.milch-rechtsanwalt.de\/wp-content\/uploads\/AdobeStock_86318826-300x225.jpg 300w, https:\/\/www.milch-rechtsanwalt.de\/wp-content\/uploads\/AdobeStock_86318826-768x576.jpg 768w, https:\/\/www.milch-rechtsanwalt.de\/wp-content\/uploads\/AdobeStock_86318826-150x113.jpg 150w, https:\/\/www.milch-rechtsanwalt.de\/wp-content\/uploads\/AdobeStock_86318826-600x450.jpg 600w, https:\/\/www.milch-rechtsanwalt.de\/wp-content\/uploads\/AdobeStock_86318826-16x12.jpg 16w, https:\/\/www.milch-rechtsanwalt.de\/wp-content\/uploads\/AdobeStock_86318826-100x75.jpg 100w\" sizes=\"(max-width: 800px) 100vw, 800px\" \/><\/div>\n\t\t<\/figure>\n\t<\/div>\n<\/div><\/div><\/div><div class=\"wpb_column vc_column_container vc_col-sm-6\"><div class=\"vc_column-inner\"><div class=\"wpb_wrapper\">\n\t<div class=\"wpb_text_column wpb_content_element\" >\n\t\t<div class=\"wpb_wrapper\">\n\t\t\t<h2>PROPERTY AND COUNTERFEITING OFFENCES<\/h2>\n<p>One can easily become the target of criminal investigations, often through no fault of one's own, such as in the case of insurance or document offences (e.g. accusations of insurance fraud or forgery of documents).<\/p>\n<p>If you are in trouble because of a property crime and investigations have been initiated against you, we will help you competently.<\/p>\n\n\t\t<\/div>\n\t<\/div>\n\n\t<div class=\"wpb_text_column wpb_content_element\" >\n\t\t<div class=\"wpb_wrapper\">\n\t\t\t<a  class=\"x-btn x-btn-block\"  href=\"\/en\/kontakt\/\"     data-options=\"thumbnail: ''\">contact<\/a>\n\n\t\t<\/div>\n\t<\/div>\n<\/div><\/div><\/div><\/div><\/div><\/div><\/div><\/div><div class=\"vc_row wpb_row vc_row-fluid inner_container\"><div class=\"wpb_column vc_column_container vc_col-sm-12\"><div class=\"vc_column-inner\"><div class=\"wpb_wrapper\">\n\t<div class=\"wpb_text_column wpb_content_element\" >\n\t\t<div class=\"wpb_wrapper\">\n\t\t\t\n\t\t<\/div>\n\t<\/div>\n<div class=\"vc_row wpb_row vc_inner vc_row-fluid inner_container_fixed vc_column-gap-25\"><div class=\"wpb_column vc_column_container vc_col-sm-6\"><div class=\"vc_column-inner\"><div class=\"wpb_wrapper\">\n\t<div  class=\"wpb_single_image wpb_content_element vc_align_left\">\n\t\t\n\t\t<figure class=\"wpb_wrapper vc_figure\">\n\t\t\t<div class=\"vc_single_image-wrapper   vc_box_border_grey\"><img width=\"800\" height=\"600\" src=\"https:\/\/www.milch-rechtsanwalt.de\/wp-content\/uploads\/AdobeStock_133520844.jpg\" class=\"vc_single_image-img attachment-full\" alt=\"Folkert Milch, your lawyer for labour law, criminal law, traffic law and civil law in Bad Honnef, K\u00f6nigswinter, Bonn and Cologne\" decoding=\"async\" loading=\"lazy\" srcset=\"https:\/\/www.milch-rechtsanwalt.de\/wp-content\/uploads\/AdobeStock_133520844.jpg 800w, https:\/\/www.milch-rechtsanwalt.de\/wp-content\/uploads\/AdobeStock_133520844-300x225.jpg 300w, https:\/\/www.milch-rechtsanwalt.de\/wp-content\/uploads\/AdobeStock_133520844-768x576.jpg 768w, https:\/\/www.milch-rechtsanwalt.de\/wp-content\/uploads\/AdobeStock_133520844-150x113.jpg 150w, https:\/\/www.milch-rechtsanwalt.de\/wp-content\/uploads\/AdobeStock_133520844-600x450.jpg 600w, https:\/\/www.milch-rechtsanwalt.de\/wp-content\/uploads\/AdobeStock_133520844-16x12.jpg 16w, https:\/\/www.milch-rechtsanwalt.de\/wp-content\/uploads\/AdobeStock_133520844-100x75.jpg 100w\" sizes=\"(max-width: 800px) 100vw, 800px\" \/><\/div>\n\t\t<\/figure>\n\t<\/div>\n<\/div><\/div><\/div><div class=\"wpb_column vc_column_container vc_col-sm-6\"><div class=\"vc_column-inner\"><div class=\"wpb_wrapper\">\n\t<div class=\"wpb_text_column wpb_content_element\" >\n\t\t<div class=\"wpb_wrapper\">\n\t\t\t<h2>YOU ARE A VICTIM OF A CRIME<\/h2>\n<p>In principle, anyone can come into contact with criminal law as a victim through no fault of their own.<\/p>\n<p>Have you been the victim of a crime?<\/p>\n<p>We will reliably stand by your side in proceedings as a representative of the plaintiff.<\/p>\n\n\t\t<\/div>\n\t<\/div>\n\n\t<div class=\"wpb_text_column wpb_content_element\" >\n\t\t<div class=\"wpb_wrapper\">\n\t\t\t<a  class=\"x-btn x-btn-block\"  href=\"\/en\/kontakt\/\"     data-options=\"thumbnail: ''\">contact<\/a>\n\n\t\t<\/div>\n\t<\/div>\n<\/div><\/div><\/div><\/div><\/div><\/div><\/div><\/div><div class=\"vc_row wpb_row vc_row-fluid inner_container vc_custom_1628690124554 vc_row-has-fill\"><div class=\"wpb_column vc_column_container vc_col-sm-12\"><div class=\"vc_column-inner\"><div class=\"wpb_wrapper\"><div class=\"vc_row wpb_row vc_inner vc_row-fluid inner_container_fixed vc_column-gap-25\"><div class=\"wpb_column vc_column_container vc_col-sm-6\"><div class=\"vc_column-inner\"><div class=\"wpb_wrapper\">\n\t<div  class=\"wpb_single_image wpb_content_element vc_align_left\">\n\t\t\n\t\t<figure class=\"wpb_wrapper vc_figure\">\n\t\t\t<div class=\"vc_single_image-wrapper   vc_box_border_grey\"><img width=\"800\" height=\"600\" src=\"https:\/\/www.milch-rechtsanwalt.de\/wp-content\/uploads\/polizei_800_600.jpg\" class=\"vc_single_image-img attachment-full\" alt=\"Folkert Milch, your lawyer for labour law, criminal law, traffic law and civil law in Bad Honnef, K\u00f6nigswinter, Bonn and Cologne\" decoding=\"async\" loading=\"lazy\" srcset=\"https:\/\/www.milch-rechtsanwalt.de\/wp-content\/uploads\/polizei_800_600.jpg 800w, https:\/\/www.milch-rechtsanwalt.de\/wp-content\/uploads\/polizei_800_600-300x225.jpg 300w, https:\/\/www.milch-rechtsanwalt.de\/wp-content\/uploads\/polizei_800_600-768x576.jpg 768w, https:\/\/www.milch-rechtsanwalt.de\/wp-content\/uploads\/polizei_800_600-150x113.jpg 150w, https:\/\/www.milch-rechtsanwalt.de\/wp-content\/uploads\/polizei_800_600-600x450.jpg 600w, https:\/\/www.milch-rechtsanwalt.de\/wp-content\/uploads\/polizei_800_600-16x12.jpg 16w, https:\/\/www.milch-rechtsanwalt.de\/wp-content\/uploads\/polizei_800_600-100x75.jpg 100w\" sizes=\"(max-width: 800px) 100vw, 800px\" \/><\/div>\n\t\t<\/figure>\n\t<\/div>\n<\/div><\/div><\/div><div class=\"wpb_column vc_column_container vc_col-sm-6\"><div class=\"vc_column-inner\"><div class=\"wpb_wrapper\">\n\t<div class=\"wpb_text_column wpb_content_element\" >\n\t\t<div class=\"wpb_wrapper\">\n\t\t\t<h2>INVESTIGATIONS AGAINST YOU<\/h2>\n<p>Being the target of criminal investigations is often associated with a high level of personal or psychological stress for the persons concerned.<\/p>\n<p>If, as a result of a preliminary investigation, an order of summary punishment is issued against you or a main action is taken against you in a criminal case, we will represent you with commitment in court.<\/p>\n\n\t\t<\/div>\n\t<\/div>\n\n\t<div class=\"wpb_text_column wpb_content_element\" >\n\t\t<div class=\"wpb_wrapper\">\n\t\t\t<a  class=\"x-btn x-btn-block\"  href=\"\/en\/kontakt\/\"     data-options=\"thumbnail: ''\">contact<\/a>\n\n\t\t<\/div>\n\t<\/div>\n<\/div><\/div><\/div><\/div><\/div><\/div><\/div><\/div><div class=\"vc_row wpb_row vc_row-fluid inner_container vc_custom_1618410547741 vc_row-has-fill vc_row-o-content-middle vc_row-flex\"><div class=\"inner_container_fixed wpb_column vc_column_container vc_col-sm-12\"><div class=\"vc_column-inner\"><div class=\"wpb_wrapper\">\n\t<div class=\"wpb_text_column wpb_content_element\" >\n\t\t<div class=\"wpb_wrapper\">\n\t\t\t<h2 style=\"text-align: center;\">THINGS WE STAND FOR<\/h2>\n<p style=\"text-align: center;\">There are many good reasons for working together lawyer Folkert Milch.<\/p>\n<p style=\"text-align: center;\">On the one hand, you have a plannable, reliable and binding partner with whom you can still work together on a handshake. On the other hand, we treat your concerns and the entire project as if it were our own: that is, with respect and always with the goal of always achieving the very best.<\/p>\n<p style=\"text-align: center;\">We are also able to react flexibly and at short notice. The following things distinguish us:<\/p>\n\n\t\t<\/div>\n\t<\/div>\n<div class=\"vc_row wpb_row vc_inner vc_row-fluid\"><div class=\"wpb_column vc_column_container vc_col-sm-4\"><div class=\"vc_column-inner\"><div class=\"wpb_wrapper\">\n\t<div  class=\"wpb_single_image wpb_content_element vc_align_center\">\n\t\t\n\t\t<figure class=\"wpb_wrapper vc_figure\">\n\t\t\t<div class=\"vc_single_image-wrapper   vc_box_border_grey\"><img width=\"150\" height=\"150\" src=\"https:\/\/www.milch-rechtsanwalt.de\/wp-content\/uploads\/icon_freundlichkeit_400_400_sw-150x150.png\" class=\"vc_single_image-img attachment-thumbnail\" alt=\"\" decoding=\"async\" loading=\"lazy\" srcset=\"https:\/\/www.milch-rechtsanwalt.de\/wp-content\/uploads\/icon_freundlichkeit_400_400_sw-150x150.png 150w, https:\/\/www.milch-rechtsanwalt.de\/wp-content\/uploads\/icon_freundlichkeit_400_400_sw-300x300.png 300w, https:\/\/www.milch-rechtsanwalt.de\/wp-content\/uploads\/icon_freundlichkeit_400_400_sw-12x12.png 12w, https:\/\/www.milch-rechtsanwalt.de\/wp-content\/uploads\/icon_freundlichkeit_400_400_sw-100x100.png 100w, https:\/\/www.milch-rechtsanwalt.de\/wp-content\/uploads\/icon_freundlichkeit_400_400_sw.png 400w\" sizes=\"(max-width: 150px) 100vw, 150px\" \/><\/div>\n\t\t<\/figure>\n\t<\/div>\n\n\t<div class=\"wpb_text_column wpb_content_element\" >\n\t\t<div class=\"wpb_wrapper\">\n\t\t\t<p style=\"text-align: center;\"><strong>KINDNESS<br \/>\n<\/strong>We take you and your concerns seriously and are appreciative in our dealings with each other<\/p>\n\n\t\t<\/div>\n\t<\/div>\n<\/div><\/div><\/div><div class=\"wpb_column vc_column_container vc_col-sm-4\"><div class=\"vc_column-inner\"><div class=\"wpb_wrapper\">\n\t<div  class=\"wpb_single_image wpb_content_element vc_align_center\">\n\t\t\n\t\t<figure class=\"wpb_wrapper vc_figure\">\n\t\t\t<div class=\"vc_single_image-wrapper   vc_box_border_grey\"><img width=\"150\" height=\"150\" src=\"https:\/\/www.milch-rechtsanwalt.de\/wp-content\/uploads\/icon_professionalitaet_400_400_sw-1-150x150.png\" class=\"vc_single_image-img attachment-thumbnail\" alt=\"\" decoding=\"async\" loading=\"lazy\" srcset=\"https:\/\/www.milch-rechtsanwalt.de\/wp-content\/uploads\/icon_professionalitaet_400_400_sw-1-150x150.png 150w, https:\/\/www.milch-rechtsanwalt.de\/wp-content\/uploads\/icon_professionalitaet_400_400_sw-1-300x300.png 300w, https:\/\/www.milch-rechtsanwalt.de\/wp-content\/uploads\/icon_professionalitaet_400_400_sw-1-12x12.png 12w, https:\/\/www.milch-rechtsanwalt.de\/wp-content\/uploads\/icon_professionalitaet_400_400_sw-1-100x100.png 100w, https:\/\/www.milch-rechtsanwalt.de\/wp-content\/uploads\/icon_professionalitaet_400_400_sw-1.png 400w\" sizes=\"(max-width: 150px) 100vw, 150px\" \/><\/div>\n\t\t<\/figure>\n\t<\/div>\n\n\t<div class=\"wpb_text_column wpb_content_element\" >\n\t\t<div class=\"wpb_wrapper\">\n\t\t\t<p style=\"text-align: center;\"><strong>PROFESSIONALISM<br \/>\n<\/strong>We follow up every request with the due professionalism, no matter from which area<\/p>\n\n\t\t<\/div>\n\t<\/div>\n<\/div><\/div><\/div><div class=\"wpb_column vc_column_container vc_col-sm-4\"><div class=\"vc_column-inner\"><div class=\"wpb_wrapper\">\n\t<div  class=\"wpb_single_image wpb_content_element vc_align_center\">\n\t\t\n\t\t<figure class=\"wpb_wrapper vc_figure\">\n\t\t\t<div class=\"vc_single_image-wrapper   vc_box_border_grey\"><img width=\"150\" height=\"150\" src=\"https:\/\/www.milch-rechtsanwalt.de\/wp-content\/uploads\/icon_zuverlaessigkeit_400_400_sw-150x150.png\" class=\"vc_single_image-img attachment-thumbnail\" alt=\"\" decoding=\"async\" loading=\"lazy\" srcset=\"https:\/\/www.milch-rechtsanwalt.de\/wp-content\/uploads\/icon_zuverlaessigkeit_400_400_sw-150x150.png 150w, https:\/\/www.milch-rechtsanwalt.de\/wp-content\/uploads\/icon_zuverlaessigkeit_400_400_sw-300x300.png 300w, https:\/\/www.milch-rechtsanwalt.de\/wp-content\/uploads\/icon_zuverlaessigkeit_400_400_sw-12x12.png 12w, https:\/\/www.milch-rechtsanwalt.de\/wp-content\/uploads\/icon_zuverlaessigkeit_400_400_sw-100x100.png 100w, https:\/\/www.milch-rechtsanwalt.de\/wp-content\/uploads\/icon_zuverlaessigkeit_400_400_sw.png 400w\" sizes=\"(max-width: 150px) 100vw, 150px\" \/><\/div>\n\t\t<\/figure>\n\t<\/div>\n\n\t<div class=\"wpb_text_column wpb_content_element\" >\n\t\t<div class=\"wpb_wrapper\">\n\t\t\t<p style=\"text-align: center;\"><strong>RELIABILITY<br \/>\n<\/strong>You can rely on us<a href=\"\/en\/services\/\">:<\/a> we keep our promises<a href=\"https:\/\/de.wikipedia.org\/wiki\/Personalvermittlung\" target=\"_blank\" rel=\"noopener noreferrer\">,<\/a> whether orally or in writing<\/p>\n\n\t\t<\/div>\n\t<\/div>\n<\/div><\/div><\/div><\/div><div class=\"vc_empty_space\"   style=\"height: 32px\"><span class=\"vc_empty_space_inner\"><\/span><\/div><\/div><\/div><\/div><\/div>","protected":false},"excerpt":{"rendered":"STRAFRECHT Jeder B\u00fcrger kann mit dem Strafrecht in Ber\u00fchrung kommen: entweder als Beschuldigter oder jemand, der Opfer einer Straftat geworden ist. In beiden F\u00e4llen vertreten wir Ihre Interessen und im Falle von staatsanwaltlichen Ermittlungen oder einer Anklage verteidigen wir Sie. ERMITTLUNGSVERFAHREN Im Falle eines Ermittlungsverfahrens ist die rechtzeitige Beauftragung eines Anwalts\u00a0unerl\u00e4sslich, damit Ihre Rechte bestm\u00f6glich vertreten werden k\u00f6nnen. Grunds\u00e4tzlich ist ... <a href=\"https:\/\/www.milch-rechtsanwalt.de\/en\/strafrecht\" class=\"more-link\">Read More<\/a>","protected":false},"author":1,"featured_media":4361,"parent":0,"menu_order":0,"comment_status":"closed","ping_status":"closed","template":"template-blank-4.php","meta":[],"yoast_head":"<!-- This site is optimized with the Yoast SEO plugin v20.2.1 - https:\/\/yoast.com\/wordpress\/plugins\/seo\/ -->\n<title>Strafrecht - Rechtsanwaltskanzlei Folkert Milch in Bad Honnef<\/title>\n<meta name=\"description\" content=\"Folkert Milch, Ihr Rechtsanwalt f\u00fcr Arbeitsrecht, Strafrecht, Verkehrsrecht und Zivilrecht in Bad Honnef, K\u00f6nigswinter, Bonn und K\u00f6ln\" \/>\n<meta name=\"robots\" content=\"index, follow, max-snippet:-1, max-image-preview:large, max-video-preview:-1\" \/>\n<link rel=\"canonical\" href=\"https:\/\/www.milch-rechtsanwalt.de\/en\/strafrecht\/\" \/>\n<meta property=\"og:locale\" content=\"en_GB\" \/>\n<meta property=\"og:type\" content=\"article\" \/>\n<meta property=\"og:title\" content=\"Strafrecht - Rechtsanwaltskanzlei Folkert Milch in Bad Honnef\" \/>\n<meta property=\"og:description\" content=\"Folkert Milch, Ihr Rechtsanwalt f\u00fcr Arbeitsrecht, Strafrecht, Verkehrsrecht und Zivilrecht in Bad Honnef, K\u00f6nigswinter, Bonn und K\u00f6ln\" \/>\n<meta property=\"og:url\" content=\"https:\/\/www.milch-rechtsanwalt.de\/en\/strafrecht\/\" \/>\n<meta property=\"og:site_name\" content=\"Rechtsanwalt Folkert Milch\" \/>\n<meta property=\"article:modified_time\" content=\"2021-09-27T14:05:48+00:00\" \/>\n<meta property=\"og:image\" content=\"https:\/\/www.milch-rechtsanwalt.de\/wp-content\/uploads\/strafrecht_800_600.jpg\" \/>\n\t<meta property=\"og:image:width\" content=\"800\" \/>\n\t<meta property=\"og:image:height\" content=\"600\" \/>\n\t<meta property=\"og:image:type\" content=\"image\/jpeg\" \/>\n<meta name=\"twitter:card\" content=\"summary_large_image\" \/>\n<meta name=\"twitter:label1\" content=\"Estimated reading time\" \/>\n\t<meta name=\"twitter:data1\" content=\"5 minutes\" \/>\n<script type=\"application\/ld+json\" class=\"yoast-schema-graph\">{\"@context\":\"https:\/\/schema.org\",\"@graph\":[{\"@type\":\"WebPage\",\"@id\":\"https:\/\/www.milch-rechtsanwalt.de\/strafrecht\",\"url\":\"https:\/\/www.milch-rechtsanwalt.de\/strafrecht\",\"name\":\"Strafrecht - Rechtsanwaltskanzlei Folkert Milch in Bad Honnef\",\"isPartOf\":{\"@id\":\"https:\/\/www.milch-rechtsanwalt.de\/#website\"},\"datePublished\":\"2021-09-09T09:40:07+00:00\",\"dateModified\":\"2021-09-27T14:05:48+00:00\",\"description\":\"Folkert Milch, Ihr Rechtsanwalt f\u00fcr Arbeitsrecht, Strafrecht, Verkehrsrecht und Zivilrecht in Bad Honnef, K\u00f6nigswinter, Bonn und K\u00f6ln\",\"breadcrumb\":{\"@id\":\"https:\/\/www.milch-rechtsanwalt.de\/strafrecht#breadcrumb\"},\"inLanguage\":\"en-GB\",\"potentialAction\":[{\"@type\":\"ReadAction\",\"target\":[\"https:\/\/www.milch-rechtsanwalt.de\/strafrecht\"]}]},{\"@type\":\"BreadcrumbList\",\"@id\":\"https:\/\/www.milch-rechtsanwalt.de\/strafrecht#breadcrumb\",\"itemListElement\":[{\"@type\":\"ListItem\",\"position\":1,\"name\":\"Startseite\",\"item\":\"https:\/\/www.milch-rechtsanwalt.de\/\"},{\"@type\":\"ListItem\",\"position\":2,\"name\":\"Strafrecht\"}]},{\"@type\":\"WebSite\",\"@id\":\"https:\/\/www.milch-rechtsanwalt.de\/#website\",\"url\":\"https:\/\/www.milch-rechtsanwalt.de\/\",\"name\":\"Rechtsanwalt Folkert Milch\",\"description\":\"Rechtsanwalt Folkert Milch\",\"potentialAction\":[{\"@type\":\"SearchAction\",\"target\":{\"@type\":\"EntryPoint\",\"urlTemplate\":\"https:\/\/www.milch-rechtsanwalt.de\/?s={search_term_string}\"},\"query-input\":\"required name=search_term_string\"}],\"inLanguage\":\"en-GB\"}]}<\/script>\n<!-- \/ Yoast SEO plugin. -->","yoast_head_json":{"title":"Strafrecht - Rechtsanwaltskanzlei Folkert Milch in Bad Honnef","description":"Folkert Milch, Ihr Rechtsanwalt f\u00fcr Arbeitsrecht, Strafrecht, Verkehrsrecht und Zivilrecht in Bad Honnef, K\u00f6nigswinter, Bonn und K\u00f6ln","robots":{"index":"index","follow":"follow","max-snippet":"max-snippet:-1","max-image-preview":"max-image-preview:large","max-video-preview":"max-video-preview:-1"},"canonical":"https:\/\/www.milch-rechtsanwalt.de\/en\/strafrecht\/","og_locale":"en_GB","og_type":"article","og_title":"Strafrecht - Rechtsanwaltskanzlei Folkert Milch in Bad Honnef","og_description":"Folkert Milch, Ihr Rechtsanwalt f\u00fcr Arbeitsrecht, Strafrecht, Verkehrsrecht und Zivilrecht in Bad Honnef, K\u00f6nigswinter, Bonn und K\u00f6ln","og_url":"https:\/\/www.milch-rechtsanwalt.de\/en\/strafrecht\/","og_site_name":"Rechtsanwalt Folkert Milch","article_modified_time":"2021-09-27T14:05:48+00:00","og_image":[{"width":800,"height":600,"url":"https:\/\/www.milch-rechtsanwalt.de\/wp-content\/uploads\/strafrecht_800_600.jpg","type":"image\/jpeg"}],"twitter_card":"summary_large_image","twitter_misc":{"Estimated reading time":"5 minutes"},"schema":{"@context":"https:\/\/schema.org","@graph":[{"@type":"WebPage","@id":"https:\/\/www.milch-rechtsanwalt.de\/strafrecht","url":"https:\/\/www.milch-rechtsanwalt.de\/strafrecht","name":"Strafrecht - Rechtsanwaltskanzlei Folkert Milch in Bad Honnef","isPartOf":{"@id":"https:\/\/www.milch-rechtsanwalt.de\/#website"},"datePublished":"2021-09-09T09:40:07+00:00","dateModified":"2021-09-27T14:05:48+00:00","description":"Folkert Milch, Ihr Rechtsanwalt f\u00fcr Arbeitsrecht, Strafrecht, Verkehrsrecht und Zivilrecht in Bad Honnef, K\u00f6nigswinter, Bonn und K\u00f6ln","breadcrumb":{"@id":"https:\/\/www.milch-rechtsanwalt.de\/strafrecht#breadcrumb"},"inLanguage":"en-GB","potentialAction":[{"@type":"ReadAction","target":["https:\/\/www.milch-rechtsanwalt.de\/strafrecht"]}]},{"@type":"BreadcrumbList","@id":"https:\/\/www.milch-rechtsanwalt.de\/strafrecht#breadcrumb","itemListElement":[{"@type":"ListItem","position":1,"name":"Startseite","item":"https:\/\/www.milch-rechtsanwalt.de\/"},{"@type":"ListItem","position":2,"name":"Strafrecht"}]},{"@type":"WebSite","@id":"https:\/\/www.milch-rechtsanwalt.de\/#website","url":"https:\/\/www.milch-rechtsanwalt.de\/","name":"Rechtsanwalt Folkert Milch","description":"Rechtsanwalt Folkert Milch","potentialAction":[{"@type":"SearchAction","target":{"@type":"EntryPoint","urlTemplate":"https:\/\/www.milch-rechtsanwalt.de\/?s={search_term_string}"},"query-input":"required name=search_term_string"}],"inLanguage":"en-GB"}]}},"_links":{"self":[{"href":"https:\/\/www.milch-rechtsanwalt.de\/en\/wp-json\/wp\/v2\/pages\/4380"}],"collection":[{"href":"https:\/\/www.milch-rechtsanwalt.de\/en\/wp-json\/wp\/v2\/pages"}],"about":[{"href":"https:\/\/www.milch-rechtsanwalt.de\/en\/wp-json\/wp\/v2\/types\/page"}],"author":[{"embeddable":true,"href":"https:\/\/www.milch-rechtsanwalt.de\/en\/wp-json\/wp\/v2\/users\/1"}],"replies":[{"embeddable":true,"href":"https:\/\/www.milch-rechtsanwalt.de\/en\/wp-json\/wp\/v2\/comments?post=4380"}],"version-history":[{"count":20,"href":"https:\/\/www.milch-rechtsanwalt.de\/en\/wp-json\/wp\/v2\/pages\/4380\/revisions"}],"predecessor-version":[{"id":4606,"href":"https:\/\/www.milch-rechtsanwalt.de\/en\/wp-json\/wp\/v2\/pages\/4380\/revisions\/4606"}],"wp:featuredmedia":[{"embeddable":true,"href":"https:\/\/www.milch-rechtsanwalt.de\/en\/wp-json\/wp\/v2\/media\/4361"}],"wp:attachment":[{"href":"https:\/\/www.milch-rechtsanwalt.de\/en\/wp-json\/wp\/v2\/media?parent=4380"}],"curies":[{"name":"wp","href":"https:\/\/api.w.org\/{rel}","templated":true}]}}