{"id":3838,"date":"2021-04-14T15:23:35","date_gmt":"2021-04-14T15:23:35","guid":{"rendered":"https:\/\/www.milch-rechtsanwalt.de\/?page_id=3838"},"modified":"2021-10-19T16:03:50","modified_gmt":"2021-10-19T16:03:50","slug":"impressum","status":"publish","type":"page","link":"https:\/\/www.milch-rechtsanwalt.de\/en\/impressum","title":{"rendered":"Imprint"},"content":{"rendered":"<div class=\"vc_row wpb_row vc_row-fluid inner_container desktop-visible cneo-head vc_custom_1631187521221 vc_row-has-fill vc_rtl-columns-reverse vc_row-o-content-middle vc_row-flex\"><div class=\"wpb_column vc_column_container vc_col-sm-3\/5\"><div class=\"vc_column-inner vc_custom_1581831845353\"><div class=\"wpb_wrapper\">\n\t<div class=\"wpb_text_column wpb_content_element\" >\n\t\t<div class=\"wpb_wrapper\">\n\t\t\t\n\t\t<\/div>\n\t<\/div>\n<\/div><\/div><\/div><\/div><div class=\"vc_row wpb_row vc_row-fluid mobile-invisible cneo-head\"><div class=\"wpb_column vc_column_container vc_col-sm-12\"><div class=\"vc_column-inner\"><div class=\"wpb_wrapper\">\n\t<div  class=\"wpb_single_image wpb_content_element vc_align_left\">\n\t\t\n\t\t<figure class=\"wpb_wrapper vc_figure\">\n\t\t\t<div class=\"vc_single_image-wrapper   vc_box_border_grey\"><img width=\"800\" height=\"600\" src=\"https:\/\/www.milch-rechtsanwalt.de\/wp-content\/uploads\/strafrecht_800_600.jpg\" class=\"vc_single_image-img attachment-full\" alt=\"Folkert Milch, your lawyer for labour law, criminal law, traffic law and civil law in Bad Honnef, K\u00f6nigswinter, Bonn and Cologne\" decoding=\"async\" loading=\"lazy\" srcset=\"https:\/\/www.milch-rechtsanwalt.de\/wp-content\/uploads\/strafrecht_800_600.jpg 800w, https:\/\/www.milch-rechtsanwalt.de\/wp-content\/uploads\/strafrecht_800_600-300x225.jpg 300w, https:\/\/www.milch-rechtsanwalt.de\/wp-content\/uploads\/strafrecht_800_600-768x576.jpg 768w, https:\/\/www.milch-rechtsanwalt.de\/wp-content\/uploads\/strafrecht_800_600-150x113.jpg 150w, https:\/\/www.milch-rechtsanwalt.de\/wp-content\/uploads\/strafrecht_800_600-600x450.jpg 600w, https:\/\/www.milch-rechtsanwalt.de\/wp-content\/uploads\/strafrecht_800_600-16x12.jpg 16w, https:\/\/www.milch-rechtsanwalt.de\/wp-content\/uploads\/strafrecht_800_600-100x75.jpg 100w\" sizes=\"(max-width: 800px) 100vw, 800px\" \/><\/div>\n\t\t<\/figure>\n\t<\/div>\n<\/div><\/div><\/div><\/div><div class=\"vc_row wpb_row vc_row-fluid inner_container_fixed\"><div class=\"wpb_column vc_column_container vc_col-sm-12\"><div class=\"vc_column-inner\"><div class=\"wpb_wrapper\"><div class=\"vc_empty_space\"   style=\"height: 32px\"><span class=\"vc_empty_space_inner\"><\/span><\/div>\n\t<div class=\"wpb_text_column wpb_content_element\" >\n\t\t<div class=\"wpb_wrapper\">\n\t\t\t<h1 style=\"text-align: center;\">IMPRINT<\/h1>\n<h2>Information according to \u00a7 5 TMG<\/h2>\n<p>Law office Folkert Milch<br \/>\nMain street 27<br \/>\n53604 Bad Honnef<\/p>\n<p>Lawyer Folkert Milch is a member of the Cologne Bar Association, 50668 Cologne.<\/p>\n<p>The legal basis for the professional activity of lawyers is in particular the following regulations:<br \/>\n- Federal Lawyers' Act (BRAO)<br \/>\n- Professional Code of Conduct for Attorneys at Law (BORA)<br \/>\n- Federal Code of Lawyers' Fees until 30.06.2004 (BRAGO)<br \/>\n- Lawyers' Fees Act since 01.07.2004 (RVG)<br \/>\n- Rules governing the professional conduct of lawyers in the European Community<\/p>\n<p>All of the above regulations can be found on the homepage of the Federal Chamber of Lawyers http:\/\/www.brak.de, under the heading \"Information according to \u00a7 6 TDG\".<\/p>\n<p><strong>Owner of the site<\/strong><br \/>\nLawyer Folkert Milch<br \/>\nMain street 27<br \/>\n53604 Bad Honnef<\/p>\n<p>Tel: +49 (0) 2224 \/ 989209-29<br \/>\nFax: +49 (0) 2224 \/ 989209-20<br \/>\neMail: info@milch-rechtsanwalt.de<\/p>\n<p><strong>Sales tax identification no.:<\/strong><\/p>\n<p><strong>Photo Credits:<\/strong><br \/>\nFolkert Milch, Adobe Stock Images: 86318826, 133520844, 313230826, 121971202, 373396129, 71607402, 212460840, 250305917, 201789281, 176917483, 140260472, 296675646, 251503446, 121971199, 127051205, 45201201, 247330807, 2339577, 2339577, 111918435, 2339577.<\/p>\n<p><strong>Disclaimer:<\/strong><br \/>\nThe author assumes no liability for the topicality, correctness, completeness or quality of the information provided. Liability claims against the author, which refer to damages of material or immaterial nature caused by use or disuse of the information or the use of incorrect and incomplete information are excluded, unless the author is not intentional or grossly negligent fault. All offers are subject to change and non-binding. The author expressly reserves the right to change, supplement or delete parts of the pages or the entire offer without prior notice or to discontinue the publication temporarily or permanently.<\/p>\n<p><strong>References and links:<\/strong><br \/>\nThe author is not responsible for any contents linked or referred to from his pages - unless he has full knowledge of illegal contents and would be able to prevent the visitors of his site fromviewing those pages. If any damage occurs by the use of information presented there, only the author of the respective pages might be liable, not the one who has linked to these pages. The author has no influence on the current and future design, content or authorship of the linked pages. For this reason, he hereby expressly distances himself from all content of all linked pages that were changed after the link was created. This statement applies to all links and references set within the author's own Internet offer as well as to external entries in guest books, discussion forums and mailing lists set up by the author. For illegal, incorrect or incomplete contents and especially for damages resulting from the use or non-use of such information, only the provider of the linked page is liable, not the one who has linked to the respective publication.<\/p>\n<p><strong>Copyright and trademark law:<\/strong><br \/>\nThe author endeavours to observe the copyrights of the graphics, sound documents, video sequences and texts used in all publications, to use graphics, sound documents, video sequences and texts created by himself or to resort to licence-free graphics, sound documents, video sequences and texts. All brand names and trademarks mentioned on the website and possibly protected by third parties are subject without restriction to the provisions of the applicable trademark law and the ownership rights of the respective registered owners. The mere mention of a trademark does not imply that it is not protected by the rights of third parties! The copyright for published objects created by the author himself remains solely with the author of the pages. Any duplication or use of objects such as diagrams, sounds or texts in other electronic or printed publications is not permitted without the author's agreement.<\/p>\n<p><strong>Privacy:<\/strong><br \/>\nIf the opportunity for the input of personal or business data (email addresses, name, addresses) is given, the input of these data takes place voluntarily. The use and payment of all offered services are permitted - if and so far technically possible and reasonable - without specification of any personal data or under specification of anonymized data or an alias.<\/p>\n<p><strong>Legal validity of this disclaimer:<\/strong><br \/>\nThis disclaimer is to be regarded as part of the internet publication which you were referred from. If sections or individual terms of this statement are not legal or correct, the content or validity of the other parts remain uninfluenced by this fact.<\/p>\n\n\t\t<\/div>\n\t<\/div>\n<\/div><\/div><\/div><\/div>","protected":false},"excerpt":{"rendered":"IMPRINT Information according to \u00a7 5 TMG Law Office Folkert Milch Hauptstra\u00dfe 27 53604 Bad Honnef Lawyer Folkert Milch is a member of the Cologne Bar Association, 50668 Cologne. The legal basis for the professional activities of the attorneys at law are in particular the following regulations: - Federal Lawyers' Act (BRAO) - Professional Code of Conduct for Lawyers (BORA) - Federal Lawyers' Fee Schedule until 30.06.2004 (BRAGO) - Lawyers' Fees Act since 01.07.2004 (RVG) - Rules of Professional Conduct for Lawyers in the European ... <a href=\"https:\/\/www.milch-rechtsanwalt.de\/en\/impressum\" class=\"more-link\">Read More<\/a>","protected":false},"author":1,"featured_media":4361,"parent":0,"menu_order":0,"comment_status":"closed","ping_status":"closed","template":"template-blank-4.php","meta":[],"yoast_head":"<!-- This site is optimized with the Yoast SEO plugin v20.2.1 - https:\/\/yoast.com\/wordpress\/plugins\/seo\/ -->\n<title>Impressum - Rechtsanwaltskanzlei Folkert Milch in Bad Honnef<\/title>\n<meta name=\"description\" content=\"Folkert Milch, Ihr Rechtsanwalt f\u00fcr Arbeitsrecht, Strafrecht, Verkehrsrecht und Zivilrecht in Bad Honnef, K\u00f6nigswinter, Bonn und K\u00f6ln\" \/>\n<meta name=\"robots\" content=\"index, follow, max-snippet:-1, max-image-preview:large, max-video-preview:-1\" \/>\n<link rel=\"canonical\" href=\"https:\/\/www.milch-rechtsanwalt.de\/en\/impressum\/\" \/>\n<meta property=\"og:locale\" content=\"en_GB\" \/>\n<meta property=\"og:type\" content=\"article\" \/>\n<meta property=\"og:title\" content=\"Impressum - Rechtsanwaltskanzlei Folkert Milch in Bad Honnef\" \/>\n<meta property=\"og:description\" content=\"Folkert Milch, Ihr Rechtsanwalt f\u00fcr Arbeitsrecht, Strafrecht, Verkehrsrecht und Zivilrecht in Bad Honnef, K\u00f6nigswinter, Bonn und K\u00f6ln\" \/>\n<meta property=\"og:url\" content=\"https:\/\/www.milch-rechtsanwalt.de\/en\/impressum\/\" \/>\n<meta property=\"og:site_name\" content=\"Rechtsanwalt Folkert Milch\" \/>\n<meta property=\"article:modified_time\" content=\"2021-10-19T16:03:50+00:00\" \/>\n<meta property=\"og:image\" content=\"https:\/\/www.milch-rechtsanwalt.de\/wp-content\/uploads\/strafrecht_800_600.jpg\" \/>\n\t<meta property=\"og:image:width\" content=\"800\" \/>\n\t<meta property=\"og:image:height\" content=\"600\" \/>\n\t<meta property=\"og:image:type\" content=\"image\/jpeg\" \/>\n<meta name=\"twitter:card\" content=\"summary_large_image\" \/>\n<meta name=\"twitter:label1\" content=\"Estimated reading time\" \/>\n\t<meta name=\"twitter:data1\" content=\"4 minutes\" \/>\n<script type=\"application\/ld+json\" class=\"yoast-schema-graph\">{\"@context\":\"https:\/\/schema.org\",\"@graph\":[{\"@type\":\"WebPage\",\"@id\":\"https:\/\/www.milch-rechtsanwalt.de\/impressum\",\"url\":\"https:\/\/www.milch-rechtsanwalt.de\/impressum\",\"name\":\"Impressum - Rechtsanwaltskanzlei Folkert Milch in Bad Honnef\",\"isPartOf\":{\"@id\":\"https:\/\/www.milch-rechtsanwalt.de\/#website\"},\"datePublished\":\"2021-04-14T15:23:35+00:00\",\"dateModified\":\"2021-10-19T16:03:50+00:00\",\"description\":\"Folkert Milch, Ihr Rechtsanwalt f\u00fcr Arbeitsrecht, Strafrecht, Verkehrsrecht und Zivilrecht in Bad Honnef, K\u00f6nigswinter, Bonn und K\u00f6ln\",\"breadcrumb\":{\"@id\":\"https:\/\/www.milch-rechtsanwalt.de\/impressum#breadcrumb\"},\"inLanguage\":\"en-GB\",\"potentialAction\":[{\"@type\":\"ReadAction\",\"target\":[\"https:\/\/www.milch-rechtsanwalt.de\/impressum\"]}]},{\"@type\":\"BreadcrumbList\",\"@id\":\"https:\/\/www.milch-rechtsanwalt.de\/impressum#breadcrumb\",\"itemListElement\":[{\"@type\":\"ListItem\",\"position\":1,\"name\":\"Startseite\",\"item\":\"https:\/\/www.milch-rechtsanwalt.de\/\"},{\"@type\":\"ListItem\",\"position\":2,\"name\":\"Impressum\"}]},{\"@type\":\"WebSite\",\"@id\":\"https:\/\/www.milch-rechtsanwalt.de\/#website\",\"url\":\"https:\/\/www.milch-rechtsanwalt.de\/\",\"name\":\"Rechtsanwalt Folkert Milch\",\"description\":\"Rechtsanwalt Folkert Milch\",\"potentialAction\":[{\"@type\":\"SearchAction\",\"target\":{\"@type\":\"EntryPoint\",\"urlTemplate\":\"https:\/\/www.milch-rechtsanwalt.de\/?s={search_term_string}\"},\"query-input\":\"required name=search_term_string\"}],\"inLanguage\":\"en-GB\"}]}<\/script>\n<!-- \/ Yoast SEO plugin. -->","yoast_head_json":{"title":"Impressum - Rechtsanwaltskanzlei Folkert Milch in Bad Honnef","description":"Folkert Milch, Ihr Rechtsanwalt f\u00fcr Arbeitsrecht, Strafrecht, Verkehrsrecht und Zivilrecht in Bad Honnef, K\u00f6nigswinter, Bonn und K\u00f6ln","robots":{"index":"index","follow":"follow","max-snippet":"max-snippet:-1","max-image-preview":"max-image-preview:large","max-video-preview":"max-video-preview:-1"},"canonical":"https:\/\/www.milch-rechtsanwalt.de\/en\/impressum\/","og_locale":"en_GB","og_type":"article","og_title":"Impressum - Rechtsanwaltskanzlei Folkert Milch in Bad Honnef","og_description":"Folkert Milch, Ihr Rechtsanwalt f\u00fcr Arbeitsrecht, Strafrecht, Verkehrsrecht und Zivilrecht in Bad Honnef, K\u00f6nigswinter, Bonn und K\u00f6ln","og_url":"https:\/\/www.milch-rechtsanwalt.de\/en\/impressum\/","og_site_name":"Rechtsanwalt Folkert Milch","article_modified_time":"2021-10-19T16:03:50+00:00","og_image":[{"width":800,"height":600,"url":"https:\/\/www.milch-rechtsanwalt.de\/wp-content\/uploads\/strafrecht_800_600.jpg","type":"image\/jpeg"}],"twitter_card":"summary_large_image","twitter_misc":{"Estimated reading time":"4 minutes"},"schema":{"@context":"https:\/\/schema.org","@graph":[{"@type":"WebPage","@id":"https:\/\/www.milch-rechtsanwalt.de\/impressum","url":"https:\/\/www.milch-rechtsanwalt.de\/impressum","name":"Impressum - Rechtsanwaltskanzlei Folkert Milch in Bad Honnef","isPartOf":{"@id":"https:\/\/www.milch-rechtsanwalt.de\/#website"},"datePublished":"2021-04-14T15:23:35+00:00","dateModified":"2021-10-19T16:03:50+00:00","description":"Folkert Milch, Ihr Rechtsanwalt f\u00fcr Arbeitsrecht, Strafrecht, Verkehrsrecht und Zivilrecht in Bad Honnef, K\u00f6nigswinter, Bonn und K\u00f6ln","breadcrumb":{"@id":"https:\/\/www.milch-rechtsanwalt.de\/impressum#breadcrumb"},"inLanguage":"en-GB","potentialAction":[{"@type":"ReadAction","target":["https:\/\/www.milch-rechtsanwalt.de\/impressum"]}]},{"@type":"BreadcrumbList","@id":"https:\/\/www.milch-rechtsanwalt.de\/impressum#breadcrumb","itemListElement":[{"@type":"ListItem","position":1,"name":"Startseite","item":"https:\/\/www.milch-rechtsanwalt.de\/"},{"@type":"ListItem","position":2,"name":"Impressum"}]},{"@type":"WebSite","@id":"https:\/\/www.milch-rechtsanwalt.de\/#website","url":"https:\/\/www.milch-rechtsanwalt.de\/","name":"Rechtsanwalt Folkert Milch","description":"Rechtsanwalt Folkert Milch","potentialAction":[{"@type":"SearchAction","target":{"@type":"EntryPoint","urlTemplate":"https:\/\/www.milch-rechtsanwalt.de\/?s={search_term_string}"},"query-input":"required name=search_term_string"}],"inLanguage":"en-GB"}]}},"_links":{"self":[{"href":"https:\/\/www.milch-rechtsanwalt.de\/en\/wp-json\/wp\/v2\/pages\/3838"}],"collection":[{"href":"https:\/\/www.milch-rechtsanwalt.de\/en\/wp-json\/wp\/v2\/pages"}],"about":[{"href":"https:\/\/www.milch-rechtsanwalt.de\/en\/wp-json\/wp\/v2\/types\/page"}],"author":[{"embeddable":true,"href":"https:\/\/www.milch-rechtsanwalt.de\/en\/wp-json\/wp\/v2\/users\/1"}],"replies":[{"embeddable":true,"href":"https:\/\/www.milch-rechtsanwalt.de\/en\/wp-json\/wp\/v2\/comments?post=3838"}],"version-history":[{"count":9,"href":"https:\/\/www.milch-rechtsanwalt.de\/en\/wp-json\/wp\/v2\/pages\/3838\/revisions"}],"predecessor-version":[{"id":4635,"href":"https:\/\/www.milch-rechtsanwalt.de\/en\/wp-json\/wp\/v2\/pages\/3838\/revisions\/4635"}],"wp:featuredmedia":[{"embeddable":true,"href":"https:\/\/www.milch-rechtsanwalt.de\/en\/wp-json\/wp\/v2\/media\/4361"}],"wp:attachment":[{"href":"https:\/\/www.milch-rechtsanwalt.de\/en\/wp-json\/wp\/v2\/media?parent=3838"}],"curies":[{"name":"wp","href":"https:\/\/api.w.org\/{rel}","templated":true}]}}