{"id":3522,"date":"2021-03-04T12:07:38","date_gmt":"2021-03-04T12:07:38","guid":{"rendered":"https:\/\/www.milch-rechtsanwalt.de\/?page_id=3522"},"modified":"2021-09-27T14:03:08","modified_gmt":"2021-09-27T14:03:08","slug":"kanzlei","status":"publish","type":"page","link":"https:\/\/www.milch-rechtsanwalt.de\/en\/kanzlei","title":{"rendered":"Law firm"},"content":{"rendered":"<div class=\"vc_row wpb_row vc_row-fluid inner_container desktop-visible cneo-head vc_custom_1631197242861 vc_row-has-fill vc_rtl-columns-reverse vc_row-o-content-middle vc_row-flex\"><div class=\"wpb_column vc_column_container vc_col-sm-3\/5\"><div class=\"vc_column-inner vc_custom_1581831845353\"><div class=\"wpb_wrapper\">\n\t<div class=\"wpb_text_column wpb_content_element\" >\n\t\t<div class=\"wpb_wrapper\">\n\t\t\t\n\t\t<\/div>\n\t<\/div>\n<\/div><\/div><\/div><\/div><div class=\"vc_row wpb_row vc_row-fluid mobile-invisible cneo-head\"><div class=\"wpb_column vc_column_container vc_col-sm-12\"><div class=\"vc_column-inner\"><div class=\"wpb_wrapper\">\n\t<div  class=\"wpb_single_image wpb_content_element vc_align_center\">\n\t\t\n\t\t<figure class=\"wpb_wrapper vc_figure\">\n\t\t\t<div class=\"vc_single_image-wrapper   vc_box_border_grey\"><img width=\"800\" height=\"600\" src=\"https:\/\/www.milch-rechtsanwalt.de\/wp-content\/uploads\/kanzlei_800_600_1.jpg\" class=\"vc_single_image-img attachment-full\" alt=\"Folkert Milch, your lawyer for labour law, criminal law, traffic law and civil law in Bad Honnef, K\u00f6nigswinter, Bonn and Cologne\" decoding=\"async\" loading=\"lazy\" srcset=\"https:\/\/www.milch-rechtsanwalt.de\/wp-content\/uploads\/kanzlei_800_600_1.jpg 800w, https:\/\/www.milch-rechtsanwalt.de\/wp-content\/uploads\/kanzlei_800_600_1-300x225.jpg 300w, https:\/\/www.milch-rechtsanwalt.de\/wp-content\/uploads\/kanzlei_800_600_1-768x576.jpg 768w, https:\/\/www.milch-rechtsanwalt.de\/wp-content\/uploads\/kanzlei_800_600_1-150x113.jpg 150w, https:\/\/www.milch-rechtsanwalt.de\/wp-content\/uploads\/kanzlei_800_600_1-600x450.jpg 600w, https:\/\/www.milch-rechtsanwalt.de\/wp-content\/uploads\/kanzlei_800_600_1-16x12.jpg 16w, https:\/\/www.milch-rechtsanwalt.de\/wp-content\/uploads\/kanzlei_800_600_1-100x75.jpg 100w\" sizes=\"(max-width: 800px) 100vw, 800px\" \/><\/div>\n\t\t<\/figure>\n\t<\/div>\n<\/div><\/div><\/div><\/div><div class=\"vc_row wpb_row vc_row-fluid inner_container vc_custom_1614849253611 vc_row-has-fill\"><div class=\"wpb_column vc_column_container vc_col-sm-12\"><div class=\"vc_column-inner\"><div class=\"wpb_wrapper\">\n\t<div class=\"wpb_text_column wpb_content_element  inner_container_fixed\" >\n\t\t<div class=\"wpb_wrapper\">\n\t\t\t<h1 style=\"text-align: center;\">CHANCELLOR'S OFFICE<\/h1>\n<p style=\"text-align: center;\">\u00a0Folkert Milch runs his law firm at Hauptstra\u00dfe 27 in the heart of Bad Honnef. The office is easily accessible by public transport and for clients arriving by car, parking spaces are available directly in front of the building.<\/p>\n\n\t\t<\/div>\n\t<\/div>\n<div class=\"vc_empty_space\"   style=\"height: 32px\"><span class=\"vc_empty_space_inner\"><\/span><\/div><\/div><\/div><\/div><\/div><div class=\"vc_row wpb_row vc_row-fluid inner_container vc_custom_1614849444919 vc_row-has-fill\"><div class=\"wpb_column vc_column_container vc_col-sm-12\"><div class=\"vc_column-inner\"><div class=\"wpb_wrapper\"><div class=\"vc_empty_space\"   style=\"height: 32px\"><span class=\"vc_empty_space_inner\"><\/span><\/div><div class=\"vc_row wpb_row vc_inner vc_row-fluid inner_container_fixed\"><div class=\"wpb_column vc_column_container vc_col-sm-6\"><div class=\"vc_column-inner\"><div class=\"wpb_wrapper\">\n\t<div  class=\"wpb_single_image wpb_content_element vc_align_left\">\n\t\t\n\t\t<figure class=\"wpb_wrapper vc_figure\">\n\t\t\t<div class=\"vc_single_image-wrapper   vc_box_border_grey\"><img width=\"800\" height=\"600\" src=\"https:\/\/www.milch-rechtsanwalt.de\/wp-content\/uploads\/kanzlei_800_600_1.jpg\" class=\"vc_single_image-img attachment-full\" alt=\"Folkert Milch, your lawyer for labour law, criminal law, traffic law and civil law in Bad Honnef, K\u00f6nigswinter, Bonn and Cologne\" decoding=\"async\" loading=\"lazy\" srcset=\"https:\/\/www.milch-rechtsanwalt.de\/wp-content\/uploads\/kanzlei_800_600_1.jpg 800w, https:\/\/www.milch-rechtsanwalt.de\/wp-content\/uploads\/kanzlei_800_600_1-300x225.jpg 300w, https:\/\/www.milch-rechtsanwalt.de\/wp-content\/uploads\/kanzlei_800_600_1-768x576.jpg 768w, https:\/\/www.milch-rechtsanwalt.de\/wp-content\/uploads\/kanzlei_800_600_1-150x113.jpg 150w, https:\/\/www.milch-rechtsanwalt.de\/wp-content\/uploads\/kanzlei_800_600_1-600x450.jpg 600w, https:\/\/www.milch-rechtsanwalt.de\/wp-content\/uploads\/kanzlei_800_600_1-16x12.jpg 16w, https:\/\/www.milch-rechtsanwalt.de\/wp-content\/uploads\/kanzlei_800_600_1-100x75.jpg 100w\" sizes=\"(max-width: 800px) 100vw, 800px\" \/><\/div>\n\t\t<\/figure>\n\t<\/div>\n<\/div><\/div><\/div><div class=\"wpb_column vc_column_container vc_col-sm-6\"><div class=\"vc_column-inner\"><div class=\"wpb_wrapper\">\n\t<div class=\"wpb_text_column wpb_content_element\" >\n\t\t<div class=\"wpb_wrapper\">\n\t\t\t<h2>LOCATION AND ARRIVAL<\/h2>\n<p>The law office of Mr. Folkert Milch is located at Hauptstra\u00dfe 27 in Bad Honnef.<\/p>\n<p>The following is important for visits from our clients:<\/p>\n<ul>\n<li>Good public transport connections<\/li>\n<li>Parking spaces directly in front of the house<\/li>\n<li>Central location in Bad Honnef opposite the spa hotel<\/li>\n<\/ul>\n\n\t\t<\/div>\n\t<\/div>\n<\/div><\/div><\/div><\/div><div class=\"vc_empty_space\"   style=\"height: 32px\"><span class=\"vc_empty_space_inner\"><\/span><\/div><\/div><\/div><\/div><\/div><div class=\"vc_row wpb_row vc_row-fluid inner_container vc_custom_1631692394338 vc_row-has-fill\"><div class=\"wpb_column vc_column_container vc_col-sm-12\"><div class=\"vc_column-inner\"><div class=\"wpb_wrapper\"><div class=\"vc_empty_space\"   style=\"height: 32px\"><span class=\"vc_empty_space_inner\"><\/span><\/div><div class=\"vc_row wpb_row vc_inner vc_row-fluid inner_container_fixed\"><div class=\"wpb_column vc_column_container vc_col-sm-6\"><div class=\"vc_column-inner\"><div class=\"wpb_wrapper\">\n\t<div  class=\"wpb_single_image wpb_content_element vc_align_left\">\n\t\t\n\t\t<figure class=\"wpb_wrapper vc_figure\">\n\t\t\t<div class=\"vc_single_image-wrapper   vc_box_border_grey\"><img width=\"800\" height=\"600\" src=\"https:\/\/www.milch-rechtsanwalt.de\/wp-content\/uploads\/kanzlei_ausschnitt_800_600-1.jpg\" class=\"vc_single_image-img attachment-full\" alt=\"Folkert Milch, your lawyer for labour law, criminal law, traffic law and civil law in Bad Honnef, K\u00f6nigswinter, Bonn and Cologne\" decoding=\"async\" loading=\"lazy\" srcset=\"https:\/\/www.milch-rechtsanwalt.de\/wp-content\/uploads\/kanzlei_ausschnitt_800_600-1.jpg 800w, https:\/\/www.milch-rechtsanwalt.de\/wp-content\/uploads\/kanzlei_ausschnitt_800_600-1-300x225.jpg 300w, https:\/\/www.milch-rechtsanwalt.de\/wp-content\/uploads\/kanzlei_ausschnitt_800_600-1-768x576.jpg 768w, https:\/\/www.milch-rechtsanwalt.de\/wp-content\/uploads\/kanzlei_ausschnitt_800_600-1-150x113.jpg 150w, https:\/\/www.milch-rechtsanwalt.de\/wp-content\/uploads\/kanzlei_ausschnitt_800_600-1-600x450.jpg 600w, https:\/\/www.milch-rechtsanwalt.de\/wp-content\/uploads\/kanzlei_ausschnitt_800_600-1-16x12.jpg 16w, https:\/\/www.milch-rechtsanwalt.de\/wp-content\/uploads\/kanzlei_ausschnitt_800_600-1-100x75.jpg 100w\" sizes=\"(max-width: 800px) 100vw, 800px\" \/><\/div>\n\t\t<\/figure>\n\t<\/div>\n<\/div><\/div><\/div><div class=\"wpb_column vc_column_container vc_col-sm-6\"><div class=\"vc_column-inner\"><div class=\"wpb_wrapper\">\n\t<div class=\"wpb_text_column wpb_content_element\" >\n\t\t<div class=\"wpb_wrapper\">\n\t\t\t<h2>JOINT LAW FIRM\/OFFICE<\/h2>\n<p>Mr. Folkert Milch works together with the attorneys G\u00fcnther W. Raths and Dr. Wolfram Wessely.<\/p>\n<p>The core concept of our law firm community is to provide competent advice to our clients.<\/p>\n<p>Our declared aim is primarily to provide advice in order to avoid protracted litigation and to settle disputes out of court. Experience has shown that the high costs of a later dispute can often be avoided if we provide advice at an early stage at low cost.<\/p>\n\n\t\t<\/div>\n\t<\/div>\n<\/div><\/div><\/div><\/div><div class=\"vc_empty_space\"   style=\"height: 32px\"><span class=\"vc_empty_space_inner\"><\/span><\/div><\/div><\/div><\/div><\/div><div class=\"vc_row wpb_row vc_row-fluid inner_container vc_row-o-content-middle vc_row-flex\"><div class=\"inner_container_fixed wpb_column vc_column_container vc_col-sm-12\"><div class=\"vc_column-inner\"><div class=\"wpb_wrapper\">\n\t<div class=\"wpb_text_column wpb_content_element\" >\n\t\t<div class=\"wpb_wrapper\">\n\t\t\t<h2 style=\"text-align: center;\">THINGS WE STAND FOR<\/h2>\n<p style=\"text-align: center;\">There are many good reasons for working with attorney Folkert Milch.<\/p>\n<p style=\"text-align: center;\">On the one hand, you have a competent, reliable and binding partner with whom you can still work together on a handshake. On the other hand, we treat your concerns and the entire project as if it were our own: that is, with respect and always with the goal of always achieving the very best.<\/p>\n<p style=\"text-align: center;\">In addition, we are able to react flexibly and at short notice. The following things distinguish us:<\/p>\n\n\t\t<\/div>\n\t<\/div>\n<div class=\"vc_row wpb_row vc_inner vc_row-fluid\"><div class=\"wpb_column vc_column_container vc_col-sm-4\"><div class=\"vc_column-inner\"><div class=\"wpb_wrapper\">\n\t<div  class=\"wpb_single_image wpb_content_element vc_align_center\">\n\t\t\n\t\t<figure class=\"wpb_wrapper vc_figure\">\n\t\t\t<div class=\"vc_single_image-wrapper   vc_box_border_grey\"><img width=\"150\" height=\"150\" src=\"https:\/\/www.milch-rechtsanwalt.de\/wp-content\/uploads\/icon_freundlichkeit_400_400_sw-150x150.png\" class=\"vc_single_image-img attachment-thumbnail\" alt=\"\" decoding=\"async\" loading=\"lazy\" srcset=\"https:\/\/www.milch-rechtsanwalt.de\/wp-content\/uploads\/icon_freundlichkeit_400_400_sw-150x150.png 150w, https:\/\/www.milch-rechtsanwalt.de\/wp-content\/uploads\/icon_freundlichkeit_400_400_sw-300x300.png 300w, https:\/\/www.milch-rechtsanwalt.de\/wp-content\/uploads\/icon_freundlichkeit_400_400_sw-12x12.png 12w, https:\/\/www.milch-rechtsanwalt.de\/wp-content\/uploads\/icon_freundlichkeit_400_400_sw-100x100.png 100w, https:\/\/www.milch-rechtsanwalt.de\/wp-content\/uploads\/icon_freundlichkeit_400_400_sw.png 400w\" sizes=\"(max-width: 150px) 100vw, 150px\" \/><\/div>\n\t\t<\/figure>\n\t<\/div>\n\n\t<div class=\"wpb_text_column wpb_content_element\" >\n\t\t<div class=\"wpb_wrapper\">\n\t\t\t<p style=\"text-align: center;\"><strong>KINDNESS<br \/>\n<\/strong>We take you and your concerns seriously and are appreciative in our dealings with each other<\/p>\n\n\t\t<\/div>\n\t<\/div>\n<\/div><\/div><\/div><div class=\"wpb_column vc_column_container vc_col-sm-4\"><div class=\"vc_column-inner\"><div class=\"wpb_wrapper\">\n\t<div  class=\"wpb_single_image wpb_content_element vc_align_center\">\n\t\t\n\t\t<figure class=\"wpb_wrapper vc_figure\">\n\t\t\t<div class=\"vc_single_image-wrapper   vc_box_border_grey\"><img width=\"150\" height=\"150\" src=\"https:\/\/www.milch-rechtsanwalt.de\/wp-content\/uploads\/icon_professionalitaet_400_400_sw-1-150x150.png\" class=\"vc_single_image-img attachment-thumbnail\" alt=\"\" decoding=\"async\" loading=\"lazy\" srcset=\"https:\/\/www.milch-rechtsanwalt.de\/wp-content\/uploads\/icon_professionalitaet_400_400_sw-1-150x150.png 150w, https:\/\/www.milch-rechtsanwalt.de\/wp-content\/uploads\/icon_professionalitaet_400_400_sw-1-300x300.png 300w, https:\/\/www.milch-rechtsanwalt.de\/wp-content\/uploads\/icon_professionalitaet_400_400_sw-1-12x12.png 12w, https:\/\/www.milch-rechtsanwalt.de\/wp-content\/uploads\/icon_professionalitaet_400_400_sw-1-100x100.png 100w, https:\/\/www.milch-rechtsanwalt.de\/wp-content\/uploads\/icon_professionalitaet_400_400_sw-1.png 400w\" sizes=\"(max-width: 150px) 100vw, 150px\" \/><\/div>\n\t\t<\/figure>\n\t<\/div>\n\n\t<div class=\"wpb_text_column wpb_content_element\" >\n\t\t<div class=\"wpb_wrapper\">\n\t\t\t<p style=\"text-align: center;\"><strong>PROFESSIONALISM<br \/>\n<\/strong>We follow up every request with the due professionalism, no matter from which area<\/p>\n\n\t\t<\/div>\n\t<\/div>\n<\/div><\/div><\/div><div class=\"wpb_column vc_column_container vc_col-sm-4\"><div class=\"vc_column-inner\"><div class=\"wpb_wrapper\">\n\t<div  class=\"wpb_single_image wpb_content_element vc_align_center\">\n\t\t\n\t\t<figure class=\"wpb_wrapper vc_figure\">\n\t\t\t<div class=\"vc_single_image-wrapper   vc_box_border_grey\"><img width=\"150\" height=\"150\" src=\"https:\/\/www.milch-rechtsanwalt.de\/wp-content\/uploads\/icon_zuverlaessigkeit_400_400_sw-150x150.png\" class=\"vc_single_image-img attachment-thumbnail\" alt=\"\" decoding=\"async\" loading=\"lazy\" srcset=\"https:\/\/www.milch-rechtsanwalt.de\/wp-content\/uploads\/icon_zuverlaessigkeit_400_400_sw-150x150.png 150w, https:\/\/www.milch-rechtsanwalt.de\/wp-content\/uploads\/icon_zuverlaessigkeit_400_400_sw-300x300.png 300w, https:\/\/www.milch-rechtsanwalt.de\/wp-content\/uploads\/icon_zuverlaessigkeit_400_400_sw-12x12.png 12w, https:\/\/www.milch-rechtsanwalt.de\/wp-content\/uploads\/icon_zuverlaessigkeit_400_400_sw-100x100.png 100w, https:\/\/www.milch-rechtsanwalt.de\/wp-content\/uploads\/icon_zuverlaessigkeit_400_400_sw.png 400w\" sizes=\"(max-width: 150px) 100vw, 150px\" \/><\/div>\n\t\t<\/figure>\n\t<\/div>\n\n\t<div class=\"wpb_text_column wpb_content_element\" >\n\t\t<div class=\"wpb_wrapper\">\n\t\t\t<p style=\"text-align: center;\"><strong>RELIABILITY<br \/>\n<\/strong>You can rely on us<a href=\"\/en\/leistungen\/\">:<\/a> we keep our promises<a href=\"https:\/\/de.wikipedia.org\/wiki\/Personalvermittlung\" target=\"_blank\" rel=\"noopener noreferrer\">,<\/a> whether orally or in writing<\/p>\n\n\t\t<\/div>\n\t<\/div>\n<\/div><\/div><\/div><\/div><div class=\"vc_empty_space\"   style=\"height: 32px\"><span class=\"vc_empty_space_inner\"><\/span><\/div><\/div><\/div><\/div><\/div>","protected":false},"excerpt":{"rendered":"KANZLEI \u00a0Folkert Milch betreibt seine Rechtsanwaltskanzlei in der Hauptstra\u00dfe 27 im Herzen von Bad Honnef. Die Kanzlei ist gut mit \u00f6ffentlichen Verkehrsmitteln zu erreichen und f\u00fcr Mandanten, die mit dem PKW anreisen stehen direkt am Haus Parkpl\u00e4tze zur Verf\u00fcgung. LAGE UND ANREISE Die Rechtsanwaltskanzlei von Herrn Rechtsanwalt Folkert Milch befindet sich in der Hauptstra\u00dfe 27 in Bad Honnef. F\u00fcr Besuche ... <a href=\"https:\/\/www.milch-rechtsanwalt.de\/en\/kanzlei\" class=\"more-link\">Read More<\/a>","protected":false},"author":1,"featured_media":4414,"parent":0,"menu_order":0,"comment_status":"closed","ping_status":"closed","template":"template-blank-4.php","meta":[],"yoast_head":"<!-- This site is optimized with the Yoast SEO plugin v20.2.1 - https:\/\/yoast.com\/wordpress\/plugins\/seo\/ -->\n<title>Kanzlei - Rechtsanwaltskanzlei Folkert Milch in Bad Honnef<\/title>\n<meta name=\"description\" content=\"Folkert Milch, Ihr Rechtsanwalt f\u00fcr Arbeitsrecht, Strafrecht, Verkehrsrecht und Zivilrecht in Bad Honnef, K\u00f6nigswinter, Bonn und K\u00f6ln\" \/>\n<meta name=\"robots\" content=\"index, follow, max-snippet:-1, max-image-preview:large, max-video-preview:-1\" \/>\n<link rel=\"canonical\" href=\"https:\/\/www.milch-rechtsanwalt.de\/en\/kanzlei\/\" \/>\n<meta property=\"og:locale\" content=\"en_GB\" \/>\n<meta property=\"og:type\" content=\"article\" \/>\n<meta property=\"og:title\" content=\"Kanzlei - Rechtsanwaltskanzlei Folkert Milch in Bad Honnef\" \/>\n<meta property=\"og:description\" content=\"Folkert Milch, Ihr Rechtsanwalt f\u00fcr Arbeitsrecht, Strafrecht, Verkehrsrecht und Zivilrecht in Bad Honnef, K\u00f6nigswinter, Bonn und K\u00f6ln\" \/>\n<meta property=\"og:url\" content=\"https:\/\/www.milch-rechtsanwalt.de\/en\/kanzlei\/\" \/>\n<meta property=\"og:site_name\" content=\"Rechtsanwalt Folkert Milch\" \/>\n<meta property=\"article:modified_time\" content=\"2021-09-27T14:03:08+00:00\" \/>\n<meta property=\"og:image\" content=\"https:\/\/www.milch-rechtsanwalt.de\/wp-content\/uploads\/kanzlei_800_600_1.jpg\" \/>\n\t<meta property=\"og:image:width\" content=\"800\" \/>\n\t<meta property=\"og:image:height\" content=\"600\" \/>\n\t<meta property=\"og:image:type\" content=\"image\/jpeg\" \/>\n<meta name=\"twitter:card\" content=\"summary_large_image\" \/>\n<meta name=\"twitter:label1\" content=\"Estimated reading time\" \/>\n\t<meta name=\"twitter:data1\" content=\"3 minutes\" \/>\n<script type=\"application\/ld+json\" class=\"yoast-schema-graph\">{\"@context\":\"https:\/\/schema.org\",\"@graph\":[{\"@type\":\"WebPage\",\"@id\":\"https:\/\/www.milch-rechtsanwalt.de\/kanzlei\",\"url\":\"https:\/\/www.milch-rechtsanwalt.de\/kanzlei\",\"name\":\"Kanzlei - Rechtsanwaltskanzlei Folkert Milch in Bad Honnef\",\"isPartOf\":{\"@id\":\"https:\/\/www.milch-rechtsanwalt.de\/#website\"},\"datePublished\":\"2021-03-04T12:07:38+00:00\",\"dateModified\":\"2021-09-27T14:03:08+00:00\",\"description\":\"Folkert Milch, Ihr Rechtsanwalt f\u00fcr Arbeitsrecht, Strafrecht, Verkehrsrecht und Zivilrecht in Bad Honnef, K\u00f6nigswinter, Bonn und K\u00f6ln\",\"breadcrumb\":{\"@id\":\"https:\/\/www.milch-rechtsanwalt.de\/kanzlei#breadcrumb\"},\"inLanguage\":\"en-GB\",\"potentialAction\":[{\"@type\":\"ReadAction\",\"target\":[\"https:\/\/www.milch-rechtsanwalt.de\/kanzlei\"]}]},{\"@type\":\"BreadcrumbList\",\"@id\":\"https:\/\/www.milch-rechtsanwalt.de\/kanzlei#breadcrumb\",\"itemListElement\":[{\"@type\":\"ListItem\",\"position\":1,\"name\":\"Startseite\",\"item\":\"https:\/\/www.milch-rechtsanwalt.de\/\"},{\"@type\":\"ListItem\",\"position\":2,\"name\":\"Kanzlei\"}]},{\"@type\":\"WebSite\",\"@id\":\"https:\/\/www.milch-rechtsanwalt.de\/#website\",\"url\":\"https:\/\/www.milch-rechtsanwalt.de\/\",\"name\":\"Rechtsanwalt Folkert Milch\",\"description\":\"Rechtsanwalt Folkert Milch\",\"potentialAction\":[{\"@type\":\"SearchAction\",\"target\":{\"@type\":\"EntryPoint\",\"urlTemplate\":\"https:\/\/www.milch-rechtsanwalt.de\/?s={search_term_string}\"},\"query-input\":\"required name=search_term_string\"}],\"inLanguage\":\"en-GB\"}]}<\/script>\n<!-- \/ Yoast SEO plugin. -->","yoast_head_json":{"title":"Kanzlei - Rechtsanwaltskanzlei Folkert Milch in Bad Honnef","description":"Folkert Milch, Ihr Rechtsanwalt f\u00fcr Arbeitsrecht, Strafrecht, Verkehrsrecht und Zivilrecht in Bad Honnef, K\u00f6nigswinter, Bonn und K\u00f6ln","robots":{"index":"index","follow":"follow","max-snippet":"max-snippet:-1","max-image-preview":"max-image-preview:large","max-video-preview":"max-video-preview:-1"},"canonical":"https:\/\/www.milch-rechtsanwalt.de\/en\/kanzlei\/","og_locale":"en_GB","og_type":"article","og_title":"Kanzlei - Rechtsanwaltskanzlei Folkert Milch in Bad Honnef","og_description":"Folkert Milch, Ihr Rechtsanwalt f\u00fcr Arbeitsrecht, Strafrecht, Verkehrsrecht und Zivilrecht in Bad Honnef, K\u00f6nigswinter, Bonn und K\u00f6ln","og_url":"https:\/\/www.milch-rechtsanwalt.de\/en\/kanzlei\/","og_site_name":"Rechtsanwalt Folkert Milch","article_modified_time":"2021-09-27T14:03:08+00:00","og_image":[{"width":800,"height":600,"url":"https:\/\/www.milch-rechtsanwalt.de\/wp-content\/uploads\/kanzlei_800_600_1.jpg","type":"image\/jpeg"}],"twitter_card":"summary_large_image","twitter_misc":{"Estimated reading time":"3 minutes"},"schema":{"@context":"https:\/\/schema.org","@graph":[{"@type":"WebPage","@id":"https:\/\/www.milch-rechtsanwalt.de\/kanzlei","url":"https:\/\/www.milch-rechtsanwalt.de\/kanzlei","name":"Kanzlei - Rechtsanwaltskanzlei Folkert Milch in Bad Honnef","isPartOf":{"@id":"https:\/\/www.milch-rechtsanwalt.de\/#website"},"datePublished":"2021-03-04T12:07:38+00:00","dateModified":"2021-09-27T14:03:08+00:00","description":"Folkert Milch, Ihr Rechtsanwalt f\u00fcr Arbeitsrecht, Strafrecht, Verkehrsrecht und Zivilrecht in Bad Honnef, K\u00f6nigswinter, Bonn und K\u00f6ln","breadcrumb":{"@id":"https:\/\/www.milch-rechtsanwalt.de\/kanzlei#breadcrumb"},"inLanguage":"en-GB","potentialAction":[{"@type":"ReadAction","target":["https:\/\/www.milch-rechtsanwalt.de\/kanzlei"]}]},{"@type":"BreadcrumbList","@id":"https:\/\/www.milch-rechtsanwalt.de\/kanzlei#breadcrumb","itemListElement":[{"@type":"ListItem","position":1,"name":"Startseite","item":"https:\/\/www.milch-rechtsanwalt.de\/"},{"@type":"ListItem","position":2,"name":"Kanzlei"}]},{"@type":"WebSite","@id":"https:\/\/www.milch-rechtsanwalt.de\/#website","url":"https:\/\/www.milch-rechtsanwalt.de\/","name":"Rechtsanwalt Folkert Milch","description":"Rechtsanwalt Folkert Milch","potentialAction":[{"@type":"SearchAction","target":{"@type":"EntryPoint","urlTemplate":"https:\/\/www.milch-rechtsanwalt.de\/?s={search_term_string}"},"query-input":"required name=search_term_string"}],"inLanguage":"en-GB"}]}},"_links":{"self":[{"href":"https:\/\/www.milch-rechtsanwalt.de\/en\/wp-json\/wp\/v2\/pages\/3522"}],"collection":[{"href":"https:\/\/www.milch-rechtsanwalt.de\/en\/wp-json\/wp\/v2\/pages"}],"about":[{"href":"https:\/\/www.milch-rechtsanwalt.de\/en\/wp-json\/wp\/v2\/types\/page"}],"author":[{"embeddable":true,"href":"https:\/\/www.milch-rechtsanwalt.de\/en\/wp-json\/wp\/v2\/users\/1"}],"replies":[{"embeddable":true,"href":"https:\/\/www.milch-rechtsanwalt.de\/en\/wp-json\/wp\/v2\/comments?post=3522"}],"version-history":[{"count":25,"href":"https:\/\/www.milch-rechtsanwalt.de\/en\/wp-json\/wp\/v2\/pages\/3522\/revisions"}],"predecessor-version":[{"id":4597,"href":"https:\/\/www.milch-rechtsanwalt.de\/en\/wp-json\/wp\/v2\/pages\/3522\/revisions\/4597"}],"wp:featuredmedia":[{"embeddable":true,"href":"https:\/\/www.milch-rechtsanwalt.de\/en\/wp-json\/wp\/v2\/media\/4414"}],"wp:attachment":[{"href":"https:\/\/www.milch-rechtsanwalt.de\/en\/wp-json\/wp\/v2\/media?parent=3522"}],"curies":[{"name":"wp","href":"https:\/\/api.w.org\/{rel}","templated":true}]}}